{"id":8098,"date":"2021-11-17T11:22:56","date_gmt":"2021-11-17T10:22:56","guid":{"rendered":"https:\/\/explore-dance.de\/?page_id=8098"},"modified":"2024-01-16T20:02:53","modified_gmt":"2024-01-16T19:02:53","slug":"artist-call-2024","status":"publish","type":"page","link":"https:\/\/explore-dance.de\/en\/artist-call-2024\/","title":{"rendered":"Artist Call 2024"},"content":{"rendered":"<div class=\"wpb-content-wrapper\"><p>[vc_row][vc_column][vc_column_text css=&#8221;.vc_custom_1637143846506{margin-bottom: 34px !important;}&#8221;]<\/p>\n<h1>Artist Call<\/h1>\n<p>[\/vc_column_text][vc_separator border_width=&#8221;5&#8243; css=&#8221;.vc_custom_1547462832608{margin-bottom: 45px !important;}&#8221;][vc_column_text css=&#8221;.vc_custom_1705431768170{margin-bottom: 40px !important;}&#8221;]<strong><em>explore dance &#8211; Netzwerk Tanz f\u00fcr junges Publikum<\/em> is looking for choreographers to develop contemporary, mobile dance pieces (pop ups) for young audiences from summer\/fall 2024.<\/strong><\/p>\n<p><em>explore dance &#8211; Netzwerk Tanz f\u00fcr junges Publikum<\/em> is looking for choreographers to develop technically uncomplicated, tourable and flexible performance formats (pop ups) in order to give children and young people access to dance as an art form beyond classical theater venues. The productions are created in collaboration with one of explore dance&#8217;s partner institutions (fabrik moves Potsdam, K3 | Tanzplan Hamburg, Fokus Tanz | Tanz und Schule M\u00fcnchen e.V., HELLERAU-Europ\u00e4isches Zentrum der K\u00fcnste).<\/p>\n<p>Artists and artistic teams from the respective cities and regions are addressed.<\/p>\n<p>Click here for the individual calls for proposals of the partners:<\/p>\n<p><a href=\"https:\/\/explore-dance.de\/wp-content\/uploads\/2024\/01\/explore-dance_call-for-artists_2024_Potsdam.pdf\"><strong>Potsdam<\/strong><\/a><\/p>\n<p><a href=\"https:\/\/explore-dance.de\/wp-content\/uploads\/2024\/01\/explore-dance_call-for-artists_2024_Hamburg.pdf\"><strong>Hamburg<\/strong><\/a><\/p>\n<p><a href=\"https:\/\/explore-dance.de\/wp-content\/uploads\/2024\/01\/explore-dance_call-for-artists_2024_Muenchen.pdf\"><strong>Munich<\/strong><\/a><\/p>\n<p><a href=\"https:\/\/explore-dance.de\/wp-content\/uploads\/2024\/01\/explore-dance_call-for-artists_2024_Hellerau.pdf\"><strong>Dresden<\/strong><\/a><\/p>\n<p><strong>explore dance &#8211; Netzwerk Tanz f\u00fcr junges Publikum<\/strong> is a production and touring network of fabrik moves (Potsdam), Fokus Tanz | Tanz und Schule M\u00fcnchen e.V., HELLERAU &#8211; Europ\u00e4isches Zentrum der K\u00fcnste (Dresden) and K3 | Tanzplan Hamburg. Over the past 5 years, 29 productions for young audiences have been created with a total of over 400 performances.[\/vc_column_text][vc_column_text css=&#8221;.vc_custom_1548246244528{margin-bottom: 40px !important;}&#8221;][\/vc_column_text][\/vc_column][\/vc_row]<\/p>\n<\/div>","protected":false},"excerpt":{"rendered":"<p>[vc_row][vc_column][vc_column_text css=&#8221;.vc_custom_1637143846506{margin-bottom: 34px !important;}&#8221;] Artist Call [\/vc_column_text][vc_separator border_width=&#8221;5&#8243; css=&#8221;.vc_custom_1547462832608{margin-bottom: 45px !important;}&#8221;][vc_column_text css=&#8221;.vc_custom_1705431768170{margin-bottom: 40px !important;}&#8221;]explore dance &#8211; Netzwerk Tanz f\u00fcr junges [&#8230;]<\/p>\n<p><a class=\"btn btn-secondary understrap-read-more-link\" href=\"https:\/\/explore-dance.de\/en\/artist-call-2024\/\">Read More&#8230;<span class=\"screen-reader-text\"> from Artist Call 2024<\/span><\/a><\/p>\n","protected":false},"author":5,"featured_media":0,"parent":0,"menu_order":166,"comment_status":"closed","ping_status":"closed","template":"","meta":{"_acf_changed":false,"footnotes":""},"class_list":["post-8098","page","type-page","status-publish","hentry"],"acf":[],"_links":{"self":[{"href":"https:\/\/explore-dance.de\/en\/wp-json\/wp\/v2\/pages\/8098","targetHints":{"allow":["GET"]}}],"collection":[{"href":"https:\/\/explore-dance.de\/en\/wp-json\/wp\/v2\/pages"}],"about":[{"href":"https:\/\/explore-dance.de\/en\/wp-json\/wp\/v2\/types\/page"}],"author":[{"embeddable":true,"href":"https:\/\/explore-dance.de\/en\/wp-json\/wp\/v2\/users\/5"}],"replies":[{"embeddable":true,"href":"https:\/\/explore-dance.de\/en\/wp-json\/wp\/v2\/comments?post=8098"}],"version-history":[{"count":11,"href":"https:\/\/explore-dance.de\/en\/wp-json\/wp\/v2\/pages\/8098\/revisions"}],"predecessor-version":[{"id":11993,"href":"https:\/\/explore-dance.de\/en\/wp-json\/wp\/v2\/pages\/8098\/revisions\/11993"}],"wp:attachment":[{"href":"https:\/\/explore-dance.de\/en\/wp-json\/wp\/v2\/media?parent=8098"}],"curies":[{"name":"wp","href":"https:\/\/api.w.org\/{rel}","templated":true}]}}