{"id":3300,"date":"2019-03-20T11:11:02","date_gmt":"2019-03-20T10:11:02","guid":{"rendered":"https:\/\/explore-dance.de\/?page_id=3300"},"modified":"2025-03-24T15:13:56","modified_gmt":"2025-03-24T14:13:56","slug":"imprint","status":"publish","type":"page","link":"https:\/\/explore-dance.de\/en\/imprint\/","title":{"rendered":"Imprint"},"content":{"rendered":"<div class=\"wpb-content-wrapper\"><p>[vc_row][vc_column][vc_column_text]<\/p>\n<div class=\"wpb_text_column wpb_content_element vc_custom_1544456282521\">\n<div class=\"wpb_wrapper\">\n<h1>Imprint<\/h1>\n<\/div>\n<\/div>\n<p>[\/vc_column_text][vc_column_text css=&#8221;&#8221;]<strong>POSTAL ADRESSES<\/strong><\/p>\n<p>fabrik moves Potsdam e.V.<br \/>\nSchiffbauergasse 10<br \/>\nD-14467 Potsdam<br \/>\nTel: +49 [0] 331 280 03 14<\/p>\n<p>K3 \u2013 Zentrum f\u00fcr Choreographie | Tanzplan Hamburg<br \/>\nKampnagel Internationale Kulturfabrik GmbH<br \/>\nJarrestr. 20<br \/>\n22303 Hamburg<br \/>\nTel.: +49 [0] 40 270 949 45<\/p>\n<p>Fokus Tanz \/ Tanz und Schule e.V.<br \/>\nKaiserstr. 46<br \/>\n80801 M\u00fcnchen<br \/>\nTel: +49 [0] 89 30 700 238<\/p>\n<p>HELLERAU \u2013 Europ\u00e4isches Zentrum der K\u00fcnste Dresden<br \/>\nKarl-Liebknecht-Str. 56<br \/>\n01109 Dresden<br \/>\nTel: +49 [0] 351 264 62 0<\/p>\n<p>Contact: <a href=\"mailto:info@explore-dance.de\">info@explore-dance.de<\/a><\/p>\n<p>&nbsp;<\/p>\n<p><strong>EDITORS<br \/>\n<\/strong>Jessica Burgold, Yvonne von Duehren, Angelika Endres, Monika Feldschow, Uta Meyer, Franziska Ruoss<\/p>\n<p>&nbsp;<\/p>\n<p><strong>CONCEPT AND DESIGN<\/strong><br \/>\nStephanie Roderer, <a href=\"http:\/\/studio-pingpong.de\">studio-pingpong.de<\/a><\/p>\n<p>&nbsp;<\/p>\n<p><strong>WEBDESIGN<\/strong><br \/>\n<a href=\"http:\/\/sebra.org\">SEBRA UG<\/a> M\u00fcnchen, Sandro Bracciali<\/p>\n<p>&nbsp;<\/p>\n<p><strong>PHOTOGRAPHERS<\/strong><br \/>\nJonas Albrecht, Yoav Barel, Tania Bloch, Jonas Fischer, Stephan Floss, Rosellina Garbo, \u00d6nc\u00fc G\u00fcltekin, Oliver Kern, Franz Kimmel, Pavlo Kochan, Piotr Pietrus, Ang\u00e9lique Pr\u00e9au, Thies R\u00e4tzke, \u00c9lise Scheider, J.Konrad Schmidt, Jean-Marc Turmes, Cristina Valla, Mehmet Vanli, Jonas Zeidler<\/p>\n<p>&nbsp;<\/p>\n<p><strong>TRANSLATION<br \/>\n<\/strong>Elena Polzer, Mareike Woelky<\/p>\n<p>&nbsp;<\/p>\n<p><strong>HAFTUNGSAUSSCHLUSS<\/strong><br \/>\n1. Inhalt des Onlineangebotes<br \/>\nDie Autor*innen \u00fcbernehmen keinerlei Gew\u00e4hr f\u00fcr die Aktualit\u00e4t, Korrektheit, Vollst\u00e4ndigkeit oder Qualit\u00e4t der bereitgestellten Informationen. Haftungsanspr\u00fcche gegen die Autor*innen, welche sich auf Sch\u00e4den materieller oder ideeller Art beziehen, die durch die Nutzung oder Nichtnutzung der dargebotenen Informationen bzw. durch die Nutzung fehlerhafter und unvollst\u00e4ndiger Informationen verursacht wurden, sind grunds\u00e4tzlich ausgeschlossen, sofern seitens der Autor*innen kein nachweislich vors\u00e4tzliches oder grob fahrl\u00e4ssiges Verschulden vorliegt.<br \/>\nAlle Angebote sind freibleibend und unverbindlich. Die Autor*innen behalten es sich ausdr\u00fccklich vor, Teile der Seiten oder das gesamte Angebot ohne gesonderte Ank\u00fcndigung zu ver\u00e4ndern, zu erg\u00e4nzen, zu l\u00f6schen oder die Ver\u00f6ffentlichung zeitweise oder endg\u00fcltig einzustellen.<\/p>\n<p>2. Verweise und Links<br \/>\nBei direkten oder indirekten Verweisen auf fremde Webseiten (&#8220;Hyperlinks&#8221;), die au\u00dferhalb des Verantwortungsbereiches der Autor*innen liegen, w\u00fcrde eine Haftungsverpflichtung ausschlie\u00dflich in dem Fall in Kraft treten, in dem die Autor*innen von den Inhalten Kenntnis haben und es ihnen technisch m\u00f6glich und zumutbar w\u00e4re, die Nutzung im Falle rechtswidriger Inhalte zu verhindern.<br \/>\nDie Autor*innen erkl\u00e4ren hiermit ausdr\u00fccklich, dass zum Zeitpunkt der Linksetzung keine illegalen Inhalte auf den zu verlinkenden Seiten erkennbar waren. Auf die aktuelle und zuk\u00fcnftige Gestaltung, die Inhalte oder die Urheberschaft der verlinkten\/verkn\u00fcpften Seiten haben die Autor*innen keinerlei Einfluss. Deshalb distanzieren sie sich hiermit ausdr\u00fccklich von allen Inhalten aller verlinkten \/verkn\u00fcpften Seiten, die nach der Linksetzung ver\u00e4ndert wurden. Diese Feststellung gilt f\u00fcr alle innerhalb des eigenen Internetangebotes gesetzten Links und Verweise sowie f\u00fcr Fremdeintr\u00e4ge in von den Autor*innen eingerichteten G\u00e4steb\u00fcchern, Diskussionsforen, Linkverzeichnissen, Mailinglisten und in allen anderen Formen von Datenbanken, auf deren Inhalt externe Schreibzugriffe m\u00f6glich sind. F\u00fcr illegale, fehlerhafte oder unvollst\u00e4ndige Inhalte und insbesondere f\u00fcr Sch\u00e4den, die aus der Nutzung oder Nichtnutzung solcherart dargebotener Informationen entstehen, haftet allein der Anbieter der Seite, auf welche verwiesen wurde, nicht derjenige, der \u00fcber Links auf die jeweilige Ver\u00f6ffentlichung lediglich verweist.<\/p>\n<p>3. Urheber- und Kennzeichenrecht<br \/>\nDie Autor*innen sind bestrebt, in allen Publikationen die Urheberrechte der verwendeten Bilder, Grafiken, Tondokumente, Videosequenzen und Texte zu beachten, von ihnen selbst erstellte Bilder, Grafiken, Tondokumente, Videosequenzen und Texte zu nutzen oder auf lizenzfreie Grafiken, Tondokumente, Videosequenzen und Texte zur\u00fcckzugreifen.<br \/>\nAlle innerhalb des Internetangebotes genannten und ggf. durch Dritte gesch\u00fctzten Marken- und Warenzeichen unterliegen uneingeschr\u00e4nkt den Bestimmungen des jeweils g\u00fcltigen Kennzeichenrechts und den Besitzrechten der jeweiligen eingetragenen Eigent\u00fcmer. Allein aufgrund der blo\u00dfen Nennung ist nicht der Schluss zu ziehen, dass Markenzeichen nicht durch Rechte Dritter gesch\u00fctzt sind!<br \/>\nDas Copyright f\u00fcr ver\u00f6ffentlichte, von den Autor*innen selbst erstellte Objekte bleibt allein bei den Autor*innen der Seiten. Eine Vervielf\u00e4ltigung oder Verwendung solcher Grafiken, Tondokumente, Videosequenzen und Texte in anderen elektronischen oder gedruckten Publikationen ist ohne ausdr\u00fcckliche Zustimmung der Autor*innen nicht gestattet.[\/vc_column_text][\/vc_column][\/vc_row]<\/p>\n<\/div>","protected":false},"excerpt":{"rendered":"<p>[vc_row][vc_column][vc_column_text] Imprint [\/vc_column_text][vc_column_text css=&#8221;&#8221;]POSTAL ADRESSES fabrik moves Potsdam e.V. Schiffbauergasse 10 D-14467 Potsdam Tel: +49 [0] 331 280 03 14 [&#8230;]<\/p>\n<p><a class=\"btn btn-secondary understrap-read-more-link\" href=\"https:\/\/explore-dance.de\/en\/imprint\/\">Read More&#8230;<span class=\"screen-reader-text\"> from Imprint<\/span><\/a><\/p>\n","protected":false},"author":3,"featured_media":0,"parent":0,"menu_order":209,"comment_status":"closed","ping_status":"closed","template":"","meta":{"_acf_changed":false,"footnotes":""},"class_list":["post-3300","page","type-page","status-publish","hentry"],"acf":[],"_links":{"self":[{"href":"https:\/\/explore-dance.de\/en\/wp-json\/wp\/v2\/pages\/3300","targetHints":{"allow":["GET"]}}],"collection":[{"href":"https:\/\/explore-dance.de\/en\/wp-json\/wp\/v2\/pages"}],"about":[{"href":"https:\/\/explore-dance.de\/en\/wp-json\/wp\/v2\/types\/page"}],"author":[{"embeddable":true,"href":"https:\/\/explore-dance.de\/en\/wp-json\/wp\/v2\/users\/3"}],"replies":[{"embeddable":true,"href":"https:\/\/explore-dance.de\/en\/wp-json\/wp\/v2\/comments?post=3300"}],"version-history":[{"count":20,"href":"https:\/\/explore-dance.de\/en\/wp-json\/wp\/v2\/pages\/3300\/revisions"}],"predecessor-version":[{"id":18030,"href":"https:\/\/explore-dance.de\/en\/wp-json\/wp\/v2\/pages\/3300\/revisions\/18030"}],"wp:attachment":[{"href":"https:\/\/explore-dance.de\/en\/wp-json\/wp\/v2\/media?parent=3300"}],"curies":[{"name":"wp","href":"https:\/\/api.w.org\/{rel}","templated":true}]}}