{"id":3150,"date":"2018-12-11T16:29:19","date_gmt":"2018-12-11T15:29:19","guid":{"rendered":"https:\/\/explore-dance.de\/?page_id=3150"},"modified":"2025-07-17T13:09:16","modified_gmt":"2025-07-17T11:09:16","slug":"festival","status":"publish","type":"page","link":"https:\/\/explore-dance.de\/en\/festival\/","title":{"rendered":"Festival"},"content":{"rendered":"<div class=\"wpb-content-wrapper\"><p>[vc_row full_width=&#8221;stretch_row_content_no_spaces&#8221; css=&#8221;.vc_custom_1594550520294{margin-top: 0px !important;margin-bottom: 50px !important;padding-top: 0px !important;padding-bottom: 0px !important;}&#8221;][vc_column css=&#8221;.vc_custom_1544536186309{margin-top: 0px !important;margin-bottom: 0px !important;padding-top: 0px !important;padding-bottom: 0px !important;}&#8221;][vc_single_image image=&#8221;17180&#8243; img_size=&#8221;full&#8221; alignment=&#8221;center&#8221; css=&#8221;.vc_custom_1742249360729{margin-top: 0px !important;margin-bottom: 0px !important;padding-top: 0px !important;padding-bottom: 0px !important;}&#8221;][\/vc_column][\/vc_row][vc_row][vc_column][vc_column_text css=&#8221;.vc_custom_1741966923378{margin-bottom: 20px !important;}&#8221;]<\/p>\n<h1>explore dance Festivals<\/h1>\n<p>[\/vc_column_text][vc_column_text css=&#8221;&#8221;]Each year, the network presents an explore dance festival at one of the four current partner locations in Germany, which brings together various productions \u2013 pop-up pieces and\/or stage productions. The performances are complemented by discussion rounds on current topics, cultural-political panel events, workshops, network meetings and other exchange formats. The next explore dance Festival will take place in Potsdam, from September 24 to 29, 2025.[\/vc_column_text][\/vc_column][\/vc_row][vc_row disable_element=&#8221;yes&#8221;][vc_column][vc_column_text]<\/p>\n<h1><span style=\"font-size: 18pt;\">2024 &#8211; #5 <\/span><span style=\"font-size: 18pt;\">Festival f\u00fcr junges Publikum in der fabrik Potsdam<\/span><\/h1>\n<p>5 Tanzst\u00fccke f\u00fcr junges Publikum mit 13 Auff\u00fchrungen an unterschiedlichen Orten: Das <em>explore dance<\/em> Festival #5 l\u00e4dt Kinder, Jugendliche, Familien, Schulklassen und Lehrer*innen ein, dem zeitgen\u00f6ssischen Tanz in seiner gro\u00dfen Vielfalt zu begegnen. B\u00fchnenproduktionen und mobile Pop Ups werden auf der Bu\u0308hne der fabrik Potsdam, in Schulr\u00e4umen, Turnhallen und soziokulturellen Zentren in Potsdam und dem Land Brandenburg gezeigt. Dazu gibt es ein spannendes Rahmenprogramm mit Workshop-Angeboten f\u00fcr Lehrkr\u00e4fte, einem Austauschformat zwischen Jugendtanzgruppen aus Potsdam und Brandenburg, Netzwerktreffen von <em>explore dance<\/em> Choreograph*innen und der kulturpolitischen Panelveranstaltung:<br \/>\n<a href=\"https:\/\/explore-dance.de\/produktionen\/tanz-wirkt\/\"><strong>Tanz wirkt \u2013 Chancen, Potenziale und Herausforderungen von Tanz in Schulen.<\/strong><\/a> (Teilnahme auch digital m\u00f6glich)<\/p>\n<p>Folgende <em>explore dance<\/em> Produktionen stehen auf dem Programm:<\/p>\n<p>Elisabete Finger: KOSMOK\u00d6RPER 6+ (Premiere)<br \/>\nAlexander Varekhine: Wo der Teppich Staub f\u00e4ngt 12+<br \/>\nfABULEUS\/Reut Shemesh: Ultra 13+<br \/>\nRotem Weissman: Prisma 4+<br \/>\nJenny Beyer: Suite 4+<\/p>\n<p>Das detaillierte Festivalprogramm findet ihr hier: <a href=\"https:\/\/explore-dance.de\/wp-content\/uploads\/2024\/08\/RZ_Programmheft_festival2024_explore_dance_potsdam.pdf\">Programmheft<\/a><\/p>\n<h1><span style=\"font-size: 18pt;\">2023 &#8211; #4 Festival f\u00fcr junges Publikum in der fabrik Potsdam<\/span><\/h1>\n<p>Wir laden euch herzlich in die fabrik Potsdam ein: Vom 23. bis 27. September erwartet euch ein <a href=\"https:\/\/explore-dance.de\/festival\/festival-explore-dance-4\/\" target=\"_blank\" rel=\"noopener\">tolles Festivalprogramm<\/a>.<\/p>\n<p>Der Fokus liegt in diesem Jahr auf den Pop Up St\u00fccken, die f\u00fcr unterschiedliche Orte \u2013 Klassenzimmer, Aula, Turnhalle, Galerie, Begegnungszentrum oder den \u00f6ffentlichen Raum \u2013 konzipiert sind und so R\u00e4ume auf magische Weise f\u00fcr unterschiedliche Altersklassen verwandeln. Seit dem Start 2018 des Programms explore dance \u2013 Netzwerk Tanz f\u00fcr junges Publikum sind zahlreiche Pop Up St\u00fccke bundesweit vor allem in Schulen gezeigt worden. Eine Auswahl ist im Festival f\u00fcr das breite Publikum zu sehen.<\/p>\n<h1><span style=\"font-size: 18pt;\">2023 &#8211; Pop Up Feature in Hamburg<\/span><\/h1>\n<p>Vom 10. bis 13. Mai breiten sich beim <em>Pop Up Feature<\/em> Pop Ups von Nora Elberfeld, Rotem Weissman und Yotam Peled wie Satelliten in Hamburger Schulen und auf Kampnagel aus.<\/p>\n<p><a href=\"https:\/\/k3-hamburg.de\/programm\/vorstellungen\/festival-popupfeature\" target=\"_blank\" rel=\"noopener\">Das Festivalprogramm<\/a> findet ihr hier.<\/p>\n<h1><span style=\"font-size: 18pt;\">2023 <\/span><span style=\"font-size: 18pt;\">\u2013 <\/span><span style=\"font-size: 18pt;\">Watch Out! Festival f\u00fcr Jung und Alt in HELLERAU<br \/>\n<\/span><\/h1>\n<p>In der dritten Ausgabe von \u201eWatch Out! Festival f\u00fcr Jung und Alt\u201c pr\u00e4sentieren international renommierte Choreograph*innen und K\u00fcnstler*innen unterhaltsame und bewegende zeitgen\u00f6ssische B\u00fchnenst\u00fccke. Die erste Festivalwoche ist \u201eexplore dance\u201c gewidmet.<\/p>\n<p>Hier geht&#8217;s zum <a href=\"https:\/\/www.hellerau.org\/de\/festival\/watch-out\/\" target=\"_blank\" rel=\"noopener\">Festivalprogramm<\/a>.<\/p>\n<h1><span style=\"font-size: 18pt;\">2022\u2013 #3 Festival f\u00fcr junges Publikum in der fabrik Potsdam<\/span><\/h1>\n<p>Die Potsdamer Ausgabe b\u00fcndelte im M\u00e4rz 2022 7 Produktionen des explore Netzwerkes. Au\u00dferdem hatten die K\u00fcnstler*innen und das Fachpublikum bei verschiedenen Angeboten die M\u00f6glichkeit, sich auszutauschen.<\/p>\n<p><a href=\"https:\/\/explore-dance.de\/festival\/hashtag3\/\" target=\"_blank\" rel=\"noopener\">Weitere Informationen<\/a> dazu finden Sie hier.[\/vc_column_text][vc_column_text]<\/p>\n<h1><span style=\"font-size: 18pt;\">2020 &amp; 2021 \u2013 explore dance Festival #2 bei Fokus Tanz \/ Tanz und Schule in M\u00fcnchen\u00a0<\/span><\/h1>\n<p>Die M\u00fcnchner Ausgabe wurde auf zwei Jahre aufgeteilt: 2020 wurden die Pop Up St\u00fccke gezeigt und in verschiedenen Diskursformaten \u00fcber dieses spezielle Format gesprochen. Die K\u00fcnstler*innen und das Fachpublikum hatten bei verschiedenen Angeboten die M\u00f6glichkeit, sich auszutauschen.<\/p>\n<p><a href=\"https:\/\/www.thinkbigfestival.de\/pop-up-feature\" target=\"_blank\" rel=\"noopener\">Weitere Informationen<\/a> dazu finden Sie hier.<\/p>\n<p>2021 wurden die B\u00fchnenst\u00fccke der zweiten Spielzeiten im Rahmen des Festivals THINK BIG! #8 gezeigt. K\u00fcnstler*innen aller Spielzeiten hatten die Gelegenheit, sich zu treffen und von ihren Erfahrungen mit explore dance zu berichten.<\/p>\n<p><a href=\"https:\/\/www.thinkbigfestival.de\/\" target=\"_blank\" rel=\"noopener\">Weitere Informationen<\/a> dazu finden Sie hier.[\/vc_column_text][vc_column_text]<\/p>\n<h1><span style=\"font-size: 18pt;\">2019 \u2013 <\/span><span style=\"font-size: 18pt;\">explore dance Festival #1 bei K3 Tanzplan Hamburg<\/span><\/h1>\n<p>Die erste Ausgabe des explore dance Festivals fand im Mai 2019 bei K3 auf Kampnagel in Hamburg statt. Neben der Pr\u00e4sentation aller St\u00fccke aus dem ersten Projektjahr (<a href=\"https:\/\/k3-hamburg.de\/f\/e\/K3%20Material\/19_02_14_K3_EXPLORE_DANCE_FLYER_WEB_FIN.pdf\">Programm\u00fcbersicht<\/a>) fand in Kooperation mit dem European Dance House Network ein Arbeitstreffen zum internationalen Erfahrungsaustausch im Feld Tanz f\u00fcr junges Publikum statt. K\u00fcnstler*innen, Dramaturg*innen, Veranstalter*innen und P\u00e4dagog*innen tauschten sich dar\u00fcber aus welche k\u00fcnstlerischen, medialen und kommunikativen Strategien geeignet sind, um junges Publikum anzusprechen.<\/p>\n<p>Hier geht\u2019s zum <a href=\"https:\/\/explore-dance.de\/journal\/explore-dance-1-das-festival\/\" target=\"_blank\" rel=\"noopener\">Journal-Beitrag \u00fcber das Festival<\/a> in Hamburg.[\/vc_column_text][\/vc_column][\/vc_row][vc_row full_width=&#8221;stretch_row_content&#8221;][vc_column][vc_separator border_width=&#8221;5&#8243;][vc_column_text css=&#8221;&#8221;]<\/p>\n<h2>Festivals<\/h2>\n<p>[\/vc_column_text][vc_column_text css=&#8221;&#8221;]<div class=\"pt-cv-wrapper\"><div class=\"pt-cv-view pt-cv-blockgrid iscvblock iscvhybrid grid1 layout2 pt-cv-pgloadmore ed-cvgrid2-col3 festivals\" id=\"pt-cv-view-f1e74d3eb7\"><div data-id=\"pt-cv-page-1\" class=\"pt-cv-page\" data-cvc=\"3\"><div class=\" pt-cv-content-item pt-cv-1-col cvp-term-translation_priority-optional-en cvp-term-ort-potsdam-en\"  data-pid=\"18996\"><div class=\"pt-cv-thumb-wrapper  \"><a href=\"https:\/\/explore-dance.de\/en\/festival\/7-explore-dance-festival-for-young-audiences\/\" class=\"_self pt-cv-href-thumbnail pt-cv-thumb-default cvplbd cvp-lazy-container\" target=\"_self\" ><img loading=\"lazy\" decoding=\"async\" width=\"600\" height=\"392\" src=\"https:\/\/explore-dance.de\/wp-content\/plugins\/pt-content-views-pro\/public\/assets\/images\/lazy_image.png\" class=\"pt-cv-thumbnail img-none skip-lazy  cvplazy\" alt=\"#7 explore dance Festival for young audiences\" data-cvpsrc=\"https:\/\/explore-dance.de\/wp-content\/uploads\/2024\/08\/Webbanner_festival_potsdam_Startseite_2500x1633-1-600x392.jpg\" data-cvpset=\"https:\/\/explore-dance.de\/wp-content\/uploads\/2024\/08\/Webbanner_festival_potsdam_Startseite_2500x1633-1-600x392.jpg 600w, https:\/\/explore-dance.de\/wp-content\/uploads\/2024\/08\/Webbanner_festival_potsdam_Startseite_2500x1633-1-1600x1045.jpg 1600w, https:\/\/explore-dance.de\/wp-content\/uploads\/2024\/08\/Webbanner_festival_potsdam_Startseite_2500x1633-1-768x502.jpg 768w, https:\/\/explore-dance.de\/wp-content\/uploads\/2024\/08\/Webbanner_festival_potsdam_Startseite_2500x1633-1-1536x1003.jpg 1536w, https:\/\/explore-dance.de\/wp-content\/uploads\/2024\/08\/Webbanner_festival_potsdam_Startseite_2500x1633-1-2048x1338.jpg 2048w\" \/><\/a><\/div>\n<div class=\"pt-cv-remain-wrapper\"><div class=\"pt-cv-content\">24 - 29. September 2025, Potsdam<\/div><h2 class=\"pt-cv-title\"><a href=\"https:\/\/explore-dance.de\/en\/festival\/7-explore-dance-festival-for-young-audiences\/\" class=\"_self cvplbd\" target=\"_self\" >#7 explore dance Festival for young audiences<\/a><\/h2><\/div><\/div>\n<div class=\" pt-cv-content-item pt-cv-1-col cvp-term-ort-munich-en cvp-term-translation_priority-optional-en\"  data-pid=\"16772\"><div class=\"pt-cv-thumb-wrapper  \"><a href=\"https:\/\/explore-dance.de\/en\/festival\/6-explore-dance-festival-fuer-junges-publikum\/\" class=\"_self pt-cv-href-thumbnail pt-cv-thumb-default cvplbd cvp-lazy-container\" target=\"_self\" ><img loading=\"lazy\" decoding=\"async\" width=\"600\" height=\"392\" src=\"https:\/\/explore-dance.de\/wp-content\/plugins\/pt-content-views-pro\/public\/assets\/images\/lazy_image.png\" class=\"pt-cv-thumbnail img-none skip-lazy  cvplazy\" alt=\"#6 \u2013 explore dance festival for young audience\" data-cvpsrc=\"https:\/\/explore-dance.de\/wp-content\/uploads\/2025\/03\/20240402_SecondHandDance_TheStickyDance_ThePlace_\u00a9FoteiniChristofilopoulou-8-2-Kopie-2-600x392.jpg\" data-cvpset=\"https:\/\/explore-dance.de\/wp-content\/uploads\/2025\/03\/20240402_SecondHandDance_TheStickyDance_ThePlace_\u00a9FoteiniChristofilopoulou-8-2-Kopie-2-600x392.jpg 600w, https:\/\/explore-dance.de\/wp-content\/uploads\/2025\/03\/20240402_SecondHandDance_TheStickyDance_ThePlace_\u00a9FoteiniChristofilopoulou-8-2-Kopie-2-1600x1045.jpg 1600w, https:\/\/explore-dance.de\/wp-content\/uploads\/2025\/03\/20240402_SecondHandDance_TheStickyDance_ThePlace_\u00a9FoteiniChristofilopoulou-8-2-Kopie-2-768x502.jpg 768w, https:\/\/explore-dance.de\/wp-content\/uploads\/2025\/03\/20240402_SecondHandDance_TheStickyDance_ThePlace_\u00a9FoteiniChristofilopoulou-8-2-Kopie-2-1536x1003.jpg 1536w, https:\/\/explore-dance.de\/wp-content\/uploads\/2025\/03\/20240402_SecondHandDance_TheStickyDance_ThePlace_\u00a9FoteiniChristofilopoulou-8-2-Kopie-2-2048x1338.jpg 2048w\" \/><\/a><\/div>\n<div class=\"pt-cv-remain-wrapper\"><div class=\"pt-cv-content\">06 - 10 MAY 2025, Munich<\/div><h2 class=\"pt-cv-title\"><a href=\"https:\/\/explore-dance.de\/en\/festival\/6-explore-dance-festival-fuer-junges-publikum\/\" class=\"_self cvplbd\" target=\"_self\" >#6 \u2013 explore dance festival for young audience<\/a><\/h2><\/div><\/div>\n<div class=\" pt-cv-content-item pt-cv-1-col cvp-term-translation_priority-optional-en cvp-term-ort-potsdam-en\"  data-pid=\"15704\"><div class=\"pt-cv-thumb-wrapper  \"><a href=\"https:\/\/explore-dance.de\/en\/festival\/2024-5-festival-fuer-junges-publikum-in-der-fabrik-potsdam\/\" class=\"_self pt-cv-href-thumbnail pt-cv-thumb-default cvplbd cvp-lazy-container\" target=\"_self\" ><img loading=\"lazy\" decoding=\"async\" width=\"600\" height=\"392\" src=\"https:\/\/explore-dance.de\/wp-content\/plugins\/pt-content-views-pro\/public\/assets\/images\/lazy_image.png\" class=\"pt-cv-thumbnail img-none skip-lazy  cvplazy\" alt=\"Eine T\u00e4nzerin und ein T\u00e4nzer in wei\u00dfen Kost\u00fcmen performen auf der B\u00fchne\" data-cvpsrc=\"https:\/\/explore-dance.de\/wp-content\/uploads\/2024\/12\/Kosmokoerper_Potsdam_web58_Foto_Piotr-Pietrus-600x392.jpg\" data-cvpset=\"https:\/\/explore-dance.de\/wp-content\/uploads\/2024\/12\/Kosmokoerper_Potsdam_web58_Foto_Piotr-Pietrus-600x392.jpg 600w, https:\/\/explore-dance.de\/wp-content\/uploads\/2024\/12\/Kosmokoerper_Potsdam_web58_Foto_Piotr-Pietrus-1600x1045.jpg 1600w, https:\/\/explore-dance.de\/wp-content\/uploads\/2024\/12\/Kosmokoerper_Potsdam_web58_Foto_Piotr-Pietrus-768x502.jpg 768w, https:\/\/explore-dance.de\/wp-content\/uploads\/2024\/12\/Kosmokoerper_Potsdam_web58_Foto_Piotr-Pietrus-1536x1003.jpg 1536w, https:\/\/explore-dance.de\/wp-content\/uploads\/2024\/12\/Kosmokoerper_Potsdam_web58_Foto_Piotr-Pietrus-2048x1338.jpg 2048w\" \/><\/a><\/div>\n<div class=\"pt-cv-remain-wrapper\"><div class=\"pt-cv-content\">20 - 26 September 2024, POTSDAM<\/div><h2 class=\"pt-cv-title\"><a href=\"https:\/\/explore-dance.de\/en\/festival\/2024-5-festival-fuer-junges-publikum-in-der-fabrik-potsdam\/\" class=\"_self cvplbd\" target=\"_self\" >#5 explore dance Festival for young audience<\/a><\/h2><\/div><\/div><\/div><\/div>\n<div class=\"text-center pt-cv-pagination-wrapper\"><a href='https:\/\/explore-dance.de\/en\/wp-json\/wp\/v2\/pages\/3150\/?_page=2' onclick='event.preventDefault()' class=\"pt-cv-more btn btn-primary btn-sm\" data-totalpages=\"2\" data-nextpages=\"2\" data-sid=\"f1e74d3eb7\" data-unid=\"\" data-isblock=\"\" data-postid=\"\">Mehr laden <span class=\"caret\"><\/span><\/a><img loading=\"lazy\" decoding=\"async\" width=\"15\" height=\"15\" class=\"pt-cv-spinner\" alt=\"Loading...\" src=\"data:image\/gif;base64,R0lGODlhDwAPALMPAMrKygwMDJOTkz09PZWVla+vr3p6euTk5M7OzuXl5TMzMwAAAJmZmWZmZszMzP\/\/\/yH\/C05FVFNDQVBFMi4wAwEAAAAh+QQFCgAPACwAAAAADwAPAAAEQvDJaZaZOIcV8iQK8VRX4iTYoAwZ4iCYoAjZ4RxejhVNoT+mRGP4cyF4Pp0N98sBGIBMEMOotl6YZ3S61Bmbkm4mAgAh+QQFCgAPACwAAAAADQANAAAENPDJSRSZeA418itN8QiK8BiLITVsFiyBBIoYqnoewAD4xPw9iY4XLGYSjkQR4UAUD45DLwIAIfkEBQoADwAsAAAAAA8ACQAABC\/wyVlamTi3nSdgwFNdhEJgTJoNyoB9ISYoQmdjiZPcj7EYCAeCF1gEDo4Dz2eIAAAh+QQFCgAPACwCAAAADQANAAAEM\/DJBxiYeLKdX3IJZT1FU0iIg2RNKx3OkZVnZ98ToRD4MyiDnkAh6BkNC0MvsAj0kMpHBAAh+QQFCgAPACwGAAAACQAPAAAEMDC59KpFDll73HkAA2wVY5KgiK5b0RRoI6MuzG6EQqCDMlSGheEhUAgqgUUAFRySIgAh+QQFCgAPACwCAAIADQANAAAEM\/DJKZNLND\/kkKaHc3xk+QAMYDKsiaqmZCxGVjSFFCxB1vwy2oOgIDxuucxAMTAJFAJNBAAh+QQFCgAPACwAAAYADwAJAAAEMNAs86q1yaWwwv2Ig0jUZx3OYa4XoRAfwADXoAwfo1+CIjyFRuEho60aSNYlOPxEAAAh+QQFCgAPACwAAAIADQANAAAENPA9s4y8+IUVcqaWJ4qEQozSoAzoIyhCK2NFU2SJk0hNnyEOhKR2AzAAj4Pj4GE4W0bkJQIAOw==\" \/><div class=\"clear pt-cv-clear-pagination\"><\/div><\/div><\/div>\t\t\t<style type=\"text\/css\" id=\"pt-cv-inline-style-28eec2dkig\">\n#pt-cv-view-f1e74d3eb7 .pt-cv-thumb-wrapper:not(.miniwrap) {  }#pt-cv-view-f1e74d3eb7 .pt-cv-thumbnail:not(.pt-cv-thumbnailsm) { height: 250%; }#pt-cv-view-f1e74d3eb7 > .pt-cv-page {grid-template-columns: repeat(3, 1fr);grid-gap: 50px;}\n@media all and (max-width: 1024px) { \n#pt-cv-view-f1e74d3eb7 > .pt-cv-page {grid-template-columns: repeat(1, 1fr);}\n} \n@media all and (max-width: 767px) { \n#pt-cv-view-f1e74d3eb7 > .pt-cv-page {grid-template-columns: repeat(1, 1fr);}\n} <\/style>\r\n\t\t\t\t\t\t<style type=\"text\/css\" id=\"pt-cv-inline-style-3f17c53205\">#pt-cv-view-f1e74d3eb7  { margin-top: 35px !important; margin-right: 0px !important; margin-bottom: 35px !important; margin-left: 0px !important; }\n#pt-cv-view-f1e74d3eb7 .pt-cv-content-item { padding-top: 0px !important; padding-right: 0px !important; padding-bottom: 0px !important; padding-left: 0px !important; }\n#pt-cv-view-f1e74d3eb7 .pt-cv-title a, #pt-cv-view-f1e74d3eb7  .panel-title { font-size: 45px !important; line-height: 1.2 !important; }\n@media (min-width: 768px) and (max-width: 991px) {#pt-cv-view-f1e74d3eb7 .pt-cv-title a, #pt-cv-view-f1e74d3eb7  .panel-title { font-size: 32px !important }}\n@media (max-width: 767px) {#pt-cv-view-f1e74d3eb7 .pt-cv-title a, #pt-cv-view-f1e74d3eb7  .panel-title { font-size: 32px !important }}\n#pt-cv-view-f1e74d3eb7 .pt-cv-content , #pt-cv-view-f1e74d3eb7  .pt-cv-content *:not(.pt-cv-readmore):not(style):not(script) { text-transform: uppercase !important; margin: 0px 0px 0px 0px !important; padding: 0px 0px 0px 0px !important; }\n#pt-cv-view-f1e74d3eb7 .pt-cv-remain-wrapper  { padding: 30px 30px 30px 30px !important; }\n#pt-cv-view-f1e74d3eb7 .pt-cv-meta-fields * { font-size: 25px !important; line-height: 1.3 !important; color: #000000 !important; }\n#pt-cv-view-f1e74d3eb7 .pt-cv-custom-fields * { text-transform: uppercase !important; }\n#pt-cv-view-f1e74d3eb7 .pt-cv-readmore  { font-size: 22px !important; line-height: 1.3 !important; color: #000000 !important; }\n#pt-cv-view-f1e74d3eb7 .pt-cv-readmore:hover  { color: #000000 !important; text-decoration: underline !important; }\n#pt-cv-view-f1e74d3eb7  + .pt-cv-pagination-wrapper .pt-cv-more , #pt-cv-view-f1e74d3eb7  + .pt-cv-pagination-wrapper .pagination .active a, .pt-cv-pagination[data-sid='f1e74d3eb7'] .active a { font-size: 16px !important; line-height: 1.3 !important; color: #000000 !important; background-color: #ffffff !important; font-weight: 600 !important; text-transform: uppercase !important; border-width: 3px 3px 3px 3px !important; border-style: solid !important; border-color: #000000 !important; margin: 40px 40px 40px 40px !important; padding: 16px 16px 16px 16px !important; }<\/style>\r\n\t\t\t[\/vc_column_text][\/vc_column][\/vc_row][vc_row full_width=&#8221;stretch_row&#8221; css=&#8221;.vc_custom_1737410441316{margin-top: 60px !important;margin-bottom: -10px !important;padding-bottom: 60px !important;background-color: #ffa743 !important;}&#8221;][vc_column][vc_column_text css=&#8221;&#8221;]<\/p>\n<h2>INFORMIERT BLEIBEN<\/h2>\n<p>[\/vc_column_text][vc_column_text css=&#8221;&#8221;]Neuigkeiten aus unserem Netzwerk und zum Thema Tanz f\u00fcr junges Publikum, Vorstellungstermine, Jobangebote und mehr erhaltet ihr \u00fcber unseren Newsletter, der alle 1-2 Monate erscheint. Tragt euch gern ein, wir halten euch auf dem Laufenden!<\/p>\n<p>[\/vc_column_text][vc_btn title=&#8221;Anmelden&#8221; style=&#8221;classic&#8221; shape=&#8221;square&#8221; color=&#8221;white&#8221; css=&#8221;&#8221; link=&#8221;url:https%3A%2F%2Fexplore-dance.de%2Fnewsletter%2F|title:Newsletter&#8221;][\/vc_column][\/vc_row]<\/p>\n<\/div>","protected":false},"excerpt":{"rendered":"<p>[vc_row full_width=&#8221;stretch_row_content_no_spaces&#8221; css=&#8221;.vc_custom_1594550520294{margin-top: 0px !important;margin-bottom: 50px !important;padding-top: 0px !important;padding-bottom: 0px !important;}&#8221;][vc_column css=&#8221;.vc_custom_1544536186309{margin-top: 0px !important;margin-bottom: 0px !important;padding-top: 0px !important;padding-bottom: 0px !important;}&#8221;][vc_single_image [&#8230;]<\/p>\n<p><a class=\"btn btn-secondary understrap-read-more-link\" href=\"https:\/\/explore-dance.de\/en\/festival\/\">Read More&#8230;<span class=\"screen-reader-text\"> from Festival<\/span><\/a><\/p>\n","protected":false},"author":1,"featured_media":0,"parent":0,"menu_order":178,"comment_status":"closed","ping_status":"closed","template":"page-templates\/standardtemplate-nopadding.php","meta":{"_acf_changed":false,"footnotes":""},"class_list":["post-3150","page","type-page","status-publish","hentry"],"acf":[],"_links":{"self":[{"href":"https:\/\/explore-dance.de\/en\/wp-json\/wp\/v2\/pages\/3150","targetHints":{"allow":["GET"]}}],"collection":[{"href":"https:\/\/explore-dance.de\/en\/wp-json\/wp\/v2\/pages"}],"about":[{"href":"https:\/\/explore-dance.de\/en\/wp-json\/wp\/v2\/types\/page"}],"author":[{"embeddable":true,"href":"https:\/\/explore-dance.de\/en\/wp-json\/wp\/v2\/users\/1"}],"replies":[{"embeddable":true,"href":"https:\/\/explore-dance.de\/en\/wp-json\/wp\/v2\/comments?post=3150"}],"version-history":[{"count":95,"href":"https:\/\/explore-dance.de\/en\/wp-json\/wp\/v2\/pages\/3150\/revisions"}],"predecessor-version":[{"id":19058,"href":"https:\/\/explore-dance.de\/en\/wp-json\/wp\/v2\/pages\/3150\/revisions\/19058"}],"wp:attachment":[{"href":"https:\/\/explore-dance.de\/en\/wp-json\/wp\/v2\/media?parent=3150"}],"curies":[{"name":"wp","href":"https:\/\/api.w.org\/{rel}","templated":true}]}}