{"id":2997,"date":"2019-03-12T11:59:51","date_gmt":"2019-03-12T10:59:51","guid":{"rendered":"https:\/\/explore-dance.de\/?page_id=2997"},"modified":"2025-01-22T11:44:01","modified_gmt":"2025-01-22T10:44:01","slug":"schools","status":"publish","type":"page","link":"https:\/\/explore-dance.de\/en\/schools\/","title":{"rendered":"Schools"},"content":{"rendered":"<div class=\"wpb-content-wrapper\"><p>[vc_row][vc_column][vc_column_text css=&#8221;.vc_custom_1552388372398{margin-bottom: 20px !important;}&#8221;]<\/p>\n<h1>Schools<\/h1>\n<p>[\/vc_column_text][vc_column_text css=&#8221;.vc_custom_1552388385731{margin-top: px !important;}&#8221;]Building long-term partnerships with local partner schools and educational programs is an essential part of <em>explore dance<\/em>. Every city cooperates locally with different partners from the field of aesthetic education and mediation and in doing so creates access to contemporary dance for as many children and teenagers as possible. Workshops, visits to rehearsals and performances, feedback sessions, as well as associated formats such as introductions and follow-up talks give children and teenagers the chance to participate both in the development of a piece, as well as in its reception. Opening the creative working process allows for an exchange of experience between artists, pedagogues and young audience, while also communicating artistic practices in contemporary dance. The pop-up productions created and presented at schools or public places beyond the stage, moreover produce a special visibility of contemporary dance in the school context.[\/vc_column_text][\/vc_column][\/vc_row][vc_row][vc_column width=&#8221;1\/3&#8243;][vc_column_text css=&#8221;.vc_custom_1548947828875{margin-bottom: 45px !important;}&#8221;]<\/p>\n<h4><a href=\"https:\/\/www.freie-schule-potsdam.de\/fsp\/ww.namewebseite.de\">Freie Schule, Potsdam<\/a><\/h4>\n<p>[\/vc_column_text][vc_column_text css=&#8221;.vc_custom_1675765300989{margin-bottom: 45px !important;}&#8221;]<\/p>\n<h4><a href=\"https:\/\/www.voltaireschule.de\/\">Voltaireschule, Potsdam<\/a><\/h4>\n<p>[\/vc_column_text][vc_column_text css=&#8221;.vc_custom_1675765355836{margin-bottom: 45px !important;}&#8221;]<\/p>\n<h4><a href=\"https:\/\/schulzentrum-am-stern.de\/\">Schulzentrum am Stern , Potsdam<\/a><\/h4>\n<p>[\/vc_column_text][\/vc_column][vc_column width=&#8221;1\/3&#8243;][vc_column_text]<\/p>\n<h4><a href=\"https:\/\/www.sts-winterhude.de\/\">Stadtteilschule Winterhude \/ Winterhude Reformschule, Hamburg<\/a><\/h4>\n<p>[\/vc_column_text][vc_column_text]<\/p>\n<h4><a href=\"https:\/\/schule-auf-der-veddel.hamburg.de\/\">Schule auf der Veddel, Hamburg<\/a><\/h4>\n<p>[\/vc_column_text][vc_column_text]<\/p>\n<h4><a href=\"http:\/\/www.stepbystep-hh.de\/www.namewebseite.de\">Step by Step \u2014 Tanzprojekte mit Hamburger Schulen<\/a><\/h4>\n<p>[\/vc_column_text][\/vc_column][vc_column width=&#8221;1\/3&#8243;][vc_column_text]<\/p>\n<h4><a href=\"https:\/\/www.hhg-muenchen.de\">Heinrich-Heine-Gymnasium, M\u00fcnchen<\/a><\/h4>\n<p>[\/vc_column_text][vc_column_text]<\/p>\n<h4><a href=\"http:\/\/www.tuerkenschule.de\/\">Grundschule T\u00fcrkenstra\u00dfe, M\u00fcnchen<\/a><\/h4>\n<p>[\/vc_column_text][vc_column_text]<\/p>\n<h4><a href=\"http:\/\/www.gsbadsoden.musin.de\">Grundschule Bad-Soden-Stra\u00dfe, M\u00fcnchen<\/a><\/h4>\n<p>[\/vc_column_text][\/vc_column][\/vc_row]<\/p>\n<\/div>","protected":false},"excerpt":{"rendered":"<p>[vc_row][vc_column][vc_column_text css=&#8221;.vc_custom_1552388372398{margin-bottom: 20px !important;}&#8221;] Schools [\/vc_column_text][vc_column_text css=&#8221;.vc_custom_1552388385731{margin-top: px !important;}&#8221;]Building long-term partnerships with local partner schools and educational programs is an [&#8230;]<\/p>\n<p><a class=\"btn btn-secondary understrap-read-more-link\" href=\"https:\/\/explore-dance.de\/en\/schools\/\">Read More&#8230;<span class=\"screen-reader-text\"> from Schools<\/span><\/a><\/p>\n","protected":false},"author":3,"featured_media":0,"parent":0,"menu_order":159,"comment_status":"closed","ping_status":"closed","template":"","meta":{"_acf_changed":false,"footnotes":""},"class_list":["post-2997","page","type-page","status-publish","hentry"],"acf":[],"_links":{"self":[{"href":"https:\/\/explore-dance.de\/en\/wp-json\/wp\/v2\/pages\/2997","targetHints":{"allow":["GET"]}}],"collection":[{"href":"https:\/\/explore-dance.de\/en\/wp-json\/wp\/v2\/pages"}],"about":[{"href":"https:\/\/explore-dance.de\/en\/wp-json\/wp\/v2\/types\/page"}],"author":[{"embeddable":true,"href":"https:\/\/explore-dance.de\/en\/wp-json\/wp\/v2\/users\/3"}],"replies":[{"embeddable":true,"href":"https:\/\/explore-dance.de\/en\/wp-json\/wp\/v2\/comments?post=2997"}],"version-history":[{"count":5,"href":"https:\/\/explore-dance.de\/en\/wp-json\/wp\/v2\/pages\/2997\/revisions"}],"predecessor-version":[{"id":12484,"href":"https:\/\/explore-dance.de\/en\/wp-json\/wp\/v2\/pages\/2997\/revisions\/12484"}],"wp:attachment":[{"href":"https:\/\/explore-dance.de\/en\/wp-json\/wp\/v2\/media?parent=2997"}],"curies":[{"name":"wp","href":"https:\/\/api.w.org\/{rel}","templated":true}]}}