{"id":16772,"date":"2025-03-14T16:30:55","date_gmt":"2025-03-14T15:30:55","guid":{"rendered":"https:\/\/explore-dance.de\/?page_id=16772"},"modified":"2025-06-02T14:13:52","modified_gmt":"2025-06-02T12:13:52","slug":"6-explore-dance-festival-fuer-junges-publikum","status":"publish","type":"page","link":"https:\/\/explore-dance.de\/en\/festival\/6-explore-dance-festival-fuer-junges-publikum\/","title":{"rendered":"#6 \u2013 explore dance festival for young audience"},"content":{"rendered":"<div class=\"wpb-content-wrapper\"><p>[vc_row full_width=&#8221;stretch_row_content_no_spaces&#8221; css=&#8221;.vc_custom_1594550520294{margin-top: 0px !important;margin-bottom: 50px !important;padding-top: 0px !important;padding-bottom: 0px !important;}&#8221;][vc_column css=&#8221;.vc_custom_1544536186309{margin-top: 0px !important;margin-bottom: 0px !important;padding-top: 0px !important;padding-bottom: 0px !important;}&#8221;][vc_single_image image=&#8221;17174&#8243; img_size=&#8221;full&#8221; alignment=&#8221;center&#8221; css=&#8221;.vc_custom_1742248379360{margin-top: 0px !important;margin-bottom: 0px !important;padding-top: 0px !important;padding-bottom: 0px !important;}&#8221;][\/vc_column][\/vc_row][vc_row][vc_column][vc_column_text css=&#8221;&#8221;]06. &#8211; 10.05.2025, MUNICH<\/p>\n<h1>#6 \u2013 explore dance festival for young audience<\/h1>\n<div class=\"wpb_text_column wpb_content_element\">\n<div class=\"wpb_wrapper\"><\/div>\n<\/div>\n<div class=\"wpb_video_widget wpb_content_element vc_clearfix vc_video-aspect-ratio-169 vc_video-el-width-100 vc_video-align-left\">\n<div class=\"wpb_wrapper\"><\/div>\n<\/div>\n<p>[\/vc_column_text][vc_column_text css=&#8221;&#8221;]Fokus Tanz M\u00fcnchen presented <em>explore dance<\/em> Festival #6 in May 2025 and invited children, young people, families, school classes and teachers to experience contemporary dance in all its diversity. In addition to current explore dance productions, the company Second Hand Dance (UK) was a guest with <em>The Sticky Dance<\/em>. The varied supporting programme also included a specialist day for teachers and discourse events. After 11 performances at schools, in the theatre and in public spaces, after 10 educational formats and numerous exclusive discussions with the artists, we would like to say THANK YOU &#8211; to all visitors, artists, our cooperation partners, the HochX Theatre and the Munich City Library in Motorama!<\/p>\n<p>The festival in numbers:<\/p>\n<ul>\n<li>6 performances at the theatre<\/li>\n<li>3 performances at schools<\/li>\n<li>1 performance at the university<\/li>\n<li>1 performance in public space<\/li>\n<li>20 participating school classes<\/li>\n<li>10 mediation formats<\/li>\n<li>600 young people reached<\/li>\n<\/ul>\n<p>What a week: We explored new spaces and reached a diverse audience. We explored the topic of \u2018spaces for all\u2019 from different perspectives and discussed the accessibility of cultural offerings and opening strategies. Cultural policy and academic voices met practitioners and artists. We were able to give almost 30 teachers and student teachers an insight into our work and the field of the independent performing arts as well as the special opportunities and challenges of working with young people. We danced, ate, talked, laughed and cried together![\/vc_column_text][\/vc_column][\/vc_row][vc_row css=&#8221;.vc_custom_1739961548569{margin-bottom: 60px !important;}&#8221; row_title=&#8221;vorbereitet f\u00fcr neue Darstellung&#8221;][vc_column][vc_tta_accordion style=&#8221;modern&#8221; shape=&#8221;square&#8221; color=&#8221;white&#8221; c_icon=&#8221;chevron&#8221; c_position=&#8221;right&#8221; active_section=&#8221;&#8221; collapsible_all=&#8221;true&#8221;][vc_tta_section title=&#8221;Program&#8221; tab_id=&#8221;Programm&#8221;][vc_column_text css=&#8221;&#8221;]The programme at a glance:<\/p>\n<ul>\n<li><strong><a href=\"https:\/\/explore-dance.de\/produktionen\/elisabete-finger-kosmokoerper\/\" target=\"_blank\" rel=\"noopener\">Kosmok\u00f6rper<\/a><\/strong> (Elisabete Finger, 6+): Tue, 6.5.25 and Wed, 7.5.25, 10:00 | HochX<\/li>\n<li><strong><a href=\"https:\/\/explore-dance.de\/produktionen\/alexander-varekhine-wo-der-teppich-staub-faengt\/\" target=\"_blank\" rel=\"noopener\">Wo der Teppich Staub f\u00e4ngt<\/a><\/strong> (Alexander Varekhine, 12+): Thu, 8.5.25, 10:00 and 19:00 | HochX (evening show followed by a reception)<\/li>\n<li><strong><a href=\"https:\/\/explore-dance.de\/produktionen\/zinada-wind-und-wand\/\" target=\"_blank\" rel=\"noopener\">WUW \u2013 Wind und Wand<\/a><\/strong> (ZINADA, 8+): Wed, 7.5.25, 16:00 | City Library in Motorama, yellow Showroom, free entrance. followed by: <strong><a href=\"https:\/\/explore-dance.de\/produktionen\/raeume-fuer-alle-zugaenglichkeit-als-schluessel-zur-kulturellen-teilhabe\/\" target=\"_blank\" rel=\"noopener\">Paneldiscussion \u201eSpaces for all\u201c<\/a><\/strong><\/li>\n<li><strong><a href=\"https:\/\/www.secondhanddance.co.uk\/current-shows\/the-sticky-dance\" target=\"_blank\" rel=\"noopener\">The Sticky Dance<\/a><\/strong> (Second Hand Dance, 3-7 Jahre): Fr, 9.5.25 um 15.30 Uhr und Sa 10.5.25 um 15 Uhr | HochX<\/li>\n<\/ul>\n<p>Click here for the festival program: <a href=\"https:\/\/explore-dance.de\/wp-content\/uploads\/2025\/03\/Programmheft_festival2025_explore_dance_muenchen_web.pdf\">explore dance #6, May 2025 in Munich<\/a>[\/vc_column_text][\/vc_tta_section][vc_tta_section title=&#8221;Trailer&#8221; tab_id=&#8221;Trailer&#8221;][vc_video link=&#8221;https:\/\/vimeo.com\/1060471928&#8243; css=&#8221;&#8221;][\/vc_tta_section][\/vc_tta_accordion][\/vc_column][\/vc_row][vc_row disable_element=&#8221;yes&#8221; css=&#8221;.vc_custom_1738138250238{margin-bottom: 60px !important;}&#8221;][vc_column][vc_column_text css=&#8221;&#8221;]<\/p>\n<h2>Bilder<\/h2>\n<p>[\/vc_column_text][vc_images_carousel images=&#8221;874,872,870,868&#8243; img_size=&#8221;medium&#8221; slides_per_view=&#8221;3&#8243; hide_pagination_control=&#8221;yes&#8221; wrap=&#8221;yes&#8221; css=&#8221;&#8221;][\/vc_column][\/vc_row][vc_row][vc_column][vc_column_text css=&#8221;&#8221;]<\/p>\n<h2>Schedule<\/h2>\n<p>[\/vc_column_text][\/vc_column][\/vc_row][vc_row full_width=&#8221;stretch_row_content&#8221; css=&#8221;.vc_custom_1739786303027{margin-bottom: 60px !important;}&#8221;][vc_column][vc_column_text css=&#8221;&#8221;]<ul id=\"calendar-list\" class=\"calendar-home collapsible\" data-collapsible=\"accordion\" aria-live=\"polite\"><li class=\"munich-en festival-2-en kosmokoerper\" data-post-id=\"16453\"><div class=\"collapsible-header\"><span class=\"calendar-sep\">,<\/span><span class=\"calendar-location\"> HochX Theater und Live Art<\/span><div class=\"calendar-image\"><img decoding=\"async\" src=\"https:\/\/explore-dance.de\/wp-content\/uploads\/2024\/06\/Produktionseite-Kosmokoerper-02\u00a9-Marcio-Pontes_-gigitachinardi_attallah-1-scaled.jpg\" alt=\"Kosmok\u00f6rper, Elisabete Finger\" \/><\/div><\/div><div class=\"calendar-content\"><span class=\"calendar-meta-location\">Munich<\/span><span class=\"calendar-date\">06.05.2025, <span class=\"calendar-meta-time\">10:00<\/span> Uhr<\/span><div class=\"calendar-title\"><p><a href=\"https:\/\/explore-dance.de\/en\/produktionen\/elisabete-finger-kosmokoerper\/\">Kosmok\u00f6rper, Elisabete Finger<\/a><\/p><\/div><div class=\"calendar-meta\"><span class=\"calendar-location\">HochX Theater und Live Art<\/span><span class=\"calendar-post-id\"> (ID: 16453)<\/span> <span class=\"calendar-meta-age-rating\">6+<\/span><\/div><div class=\"calendar-body\"><p><\/p><\/div><\/div><div class=\"calendar-btn-typ\"><a class=\"ticket-btn \" href=\"https:\/\/theater-hochx.de\/service\/tickets\/\" target=\"_blank\">Tickets<\/a><span class=\"calendar-meta-typ\">Festival<\/span><\/div><\/li><li class=\"munich-en festival-2-en wind-und-wand-en\" data-post-id=\"16799\"><div class=\"collapsible-header\"><span class=\"calendar-sep\">,<\/span><span class=\"calendar-location\"> ZINADA<\/span><div class=\"calendar-image\"><img decoding=\"async\" src=\"https:\/\/explore-dance.de\/wp-content\/uploads\/2024\/06\/Webbanner_WUW_Startseite_2500x1633-2.jpg\" alt=\"WUW &#8211; Wind und Wand\" \/><\/div><\/div><div class=\"calendar-content\"><span class=\"calendar-meta-location\">Munich<\/span><span class=\"calendar-date\">06.05.2025, <span class=\"calendar-meta-time\">10:00<\/span> Uhr<\/span><div class=\"calendar-title\"><p><a href=\"https:\/\/explore-dance.de\/en\/produktionen\/zinada-wind-und-wand\/\">WUW &#8211; Wind und Wand<\/a><\/p><\/div><div class=\"calendar-meta\"><span class=\"calendar-location\">ZINADA<\/span><span class=\"calendar-post-id\"> (ID: 16799)<\/span> <span class=\"calendar-meta-age-rating\">10+<\/span><\/div><div class=\"calendar-body\"><p><\/p><\/div><\/div><div class=\"calendar-btn-typ\"><a class=\"ticket-btn \" href=\"https:\/\/explore-dance.de\/produktionen\/zinada-wind-und-wand\/\" target=\"_blank\">Info<\/a><span class=\"calendar-meta-typ\">Festival<\/span><\/div><\/li><li class=\"munich-en festival-2-en wo-der-teppich-staub-faengt-en\" data-post-id=\"17158\"><div class=\"collapsible-header\"><span class=\"calendar-sep\">,<\/span><span class=\"calendar-location\"> Schule (geschlossene Veranstaltung)<\/span><div class=\"calendar-image\"><img decoding=\"async\" src=\"https:\/\/explore-dance.de\/wp-content\/uploads\/2024\/06\/Featured_Image_220730_ALEX_VAREKHINE1204_Hires-Kopie-scaled.jpg\" alt=\"WO DER TEPPICH STAUB F\u00c4NGT, Alexander Varekhine\" \/><\/div><\/div><div class=\"calendar-content\"><span class=\"calendar-meta-location\">Munich<\/span><span class=\"calendar-date\">07.05.2025, <span class=\"calendar-meta-time\">12:00<\/span> Uhr<\/span><div class=\"calendar-title\"><p><a href=\"https:\/\/explore-dance.de\/en\/produktionen\/alexander-varekhine-wo-der-teppich-staub-faengt\/\">WO DER TEPPICH STAUB F\u00c4NGT, Alexander Varekhine<\/a><\/p><\/div><div class=\"calendar-meta\"><span class=\"calendar-location\">Schule (geschlossene Veranstaltung)<\/span><span class=\"calendar-post-id\"> (ID: 17158)<\/span> <span class=\"calendar-meta-age-rating\">12+<\/span><\/div><div class=\"calendar-body\"><p><\/p><\/div><\/div><div class=\"calendar-btn-typ\"><a class=\"ticket-btn \" href=\"https:\/\/explore-dance.de\/en\/produktionen\/alexander-varekhine-wo-der-teppich-staub-faengt\/\" target=\"_blank\">Info<\/a><span class=\"calendar-meta-typ\">Festival<\/span><\/div><\/li><\/ul><div id=\"loading-animation\" style=\"display:none;\"><img loading=\"lazy\" decoding=\"async\" width=\"15\" height=\"15\" class=\"pt-cv-spinner\" alt=\"Wird geladen&nbsp;\u2026\" src=\"data:image\/gif;base64,R0lGODlhDwAPALMPAMrKygwMDJOTkz09PZWVla+vr3p6euTk5M7OzuXl5TMzMwAAAJmZmWZmZszMzP\/\/\/yH\/C05FVFNDQVBFMi4wAwEAAAAh+QQFCgAPACwAAAAADwAPAAAEQvDJaZaZOIcV8iQK8VRX4iTYoAwZ4iCYoAjZ4RxejhVNoT+mRGP4cyF4Pp0N98sBGIBMEMOotl6YZ3S61Bmbkm4mAgAh+QQFCgAPACwAAAAADQANAAAENPDJSRSZeA418itN8QiK8BiLITVsFiyBBIoYqnoewAD4xPw9iY4XLGYSjkQR4UAUD45DLwIAIfkEBQoADwAsAAAAAA8ACQAABC\/wyVlamTi3nSdgwFNdhEJgTJoNyoB9ISYoQmdjiZPcj7EYCAeCF1gEDo4Dz2eIAAAh+QQFCgAPACwCAAAADQANAAAEM\/DJBxiYeLKdX3IJZT1FU0iIg2RNKx3OkZVnZ98ToRD4MyiDnkAh6BkNC0MvsAj0kMpHBAAh+QQFCgAPACwGAAAACQAPAAAEMDC59KpFDll73HkAA2wVY5KgiK5b0RRoI6MuzG6EQqCDMlSGheEhUAgqgUUAFRySIgAh+QQFCgAPACwCAAIADQANAAAEM\/DJKZNLND\/kkKaHc3xk+QAMYDKsiaqmZCxGVjSFFCxB1vwy2oOgIDxuucxAMTAJFAJNBAAh+QQFCgAPACwAAAYADwAJAAAEMNAs86q1yaWwwv2Ig0jUZx3OYa4XoRAfwADXoAwfo1+CIjyFRuEho60aSNYlOPxEAAAh+QQFCgAPACwAAAIADQANAAAENPA9s4y8+IUVcqaWJ4qEQozSoAzoIyhCK2NFU2SJk0hNnyEOhKR2AzAAj4Pj4GE4W0bkJQIAOw==\"><\/div><button id=\"load-more\" \n                class=\"load-more\" \n                data-current-page=\"1\" \n                data-max-pages=\"3\" \n                data-last-date=\"20250507\" \n                data-date-range=\"\"\n                data-posts-per-page=\"30\" \n                data-selected-year=\"2025\"\n                data-selected-ort=\"muenchen\"\n                data-selected-typ=\"festival-2\"\n                data-selected-age_rating=\"\"\n                data-already-loaded-ids=\"[16453,16799,17158]\">\n                Load More\n            <\/button><div class=\"display-debug\"><p id=\"loaded-count\">Initial geladen: 30<\/p><p id=\"loaded-after-count\">Nachgeladen: 0<\/p><p id=\"total-loaded-count\">Gesamt geladen: 0<\/p><p id=\"total-available-count\">Gefundene Beitr\u00e4ge Anzahl: 8<\/p><p id=\"found-post-ids\">Gefundene Beitr\u00e4ge IDs: <span>16453, 16799, 17158, 16788, 16794, 16424, 16436, 16804<\/span><\/p><p id=\"available-post-ids\">Nachgeladene Beitr\u00e4ge IDs: <span><\/span><\/p><p id=\"initial-post-ids\">Initial geladene Beitr\u00e4ge IDs: <span>16453, 16799, 17158<\/span><\/p><\/div>[\/vc_column_text][\/vc_column][\/vc_row][vc_row full_width=&#8221;stretch_row_content&#8221;][vc_column][vc_separator border_width=&#8221;5&#8243;][\/vc_column][\/vc_row][vc_row css=&#8221;.vc_custom_1739786850573{margin-bottom: 0px !important;}&#8221;][vc_column width=&#8221;2\/3&#8243;][vc_column_text css=&#8221;.vc_custom_1739786592113{margin-bottom: 0px !important;}&#8221;]<\/p>\n<h2>VERGANGENE FESTIVALS<\/h2>\n<p>[\/vc_column_text][\/vc_column][vc_column width=&#8221;1\/3&#8243;][vc_column_text css=&#8221;&#8221;]<\/p>\n<p style=\"text-align: right;\"><a href=\"https:\/\/explore-dance.de\/festival\/\">Alle Festivals<\/a><\/p>\n<p>[\/vc_column_text][\/vc_column][\/vc_row][vc_row full_width=&#8221;stretch_row_content&#8221; css=&#8221;.vc_custom_1739786455751{margin-top: 0px !important;}&#8221;][vc_column][vc_column_text css=&#8221;&#8221;]<div class=\"pt-cv-wrapper\"><div class=\"pt-cv-view pt-cv-blockgrid iscvblock iscvhybrid grid1 layout2 pt-cv-pgloadmore ed-cvgrid2-col3 festivals\" id=\"pt-cv-view-f1e74d3eb7\"><div data-id=\"pt-cv-page-1\" class=\"pt-cv-page\" data-cvc=\"3\"><div class=\" pt-cv-content-item pt-cv-1-col cvp-term-translation_priority-optional-en cvp-term-ort-potsdam-en\"  data-pid=\"18996\"><div class=\"pt-cv-thumb-wrapper  \"><a href=\"https:\/\/explore-dance.de\/en\/festival\/7-explore-dance-festival-for-young-audiences\/\" class=\"_self pt-cv-href-thumbnail pt-cv-thumb-default cvplbd cvp-lazy-container\" target=\"_self\" ><img loading=\"lazy\" decoding=\"async\" width=\"600\" height=\"392\" src=\"https:\/\/explore-dance.de\/wp-content\/plugins\/pt-content-views-pro\/public\/assets\/images\/lazy_image.png\" class=\"pt-cv-thumbnail img-none skip-lazy  cvplazy\" alt=\"#7 explore dance Festival for young audiences\" data-cvpsrc=\"https:\/\/explore-dance.de\/wp-content\/uploads\/2024\/08\/Webbanner_festival_potsdam_Startseite_2500x1633-1-600x392.jpg\" data-cvpset=\"https:\/\/explore-dance.de\/wp-content\/uploads\/2024\/08\/Webbanner_festival_potsdam_Startseite_2500x1633-1-600x392.jpg 600w, https:\/\/explore-dance.de\/wp-content\/uploads\/2024\/08\/Webbanner_festival_potsdam_Startseite_2500x1633-1-1600x1045.jpg 1600w, https:\/\/explore-dance.de\/wp-content\/uploads\/2024\/08\/Webbanner_festival_potsdam_Startseite_2500x1633-1-768x502.jpg 768w, https:\/\/explore-dance.de\/wp-content\/uploads\/2024\/08\/Webbanner_festival_potsdam_Startseite_2500x1633-1-1536x1003.jpg 1536w, https:\/\/explore-dance.de\/wp-content\/uploads\/2024\/08\/Webbanner_festival_potsdam_Startseite_2500x1633-1-2048x1338.jpg 2048w\" \/><\/a><\/div>\n<div class=\"pt-cv-remain-wrapper\"><div class=\"pt-cv-content\">24 - 29. September 2025, Potsdam<\/div><h2 class=\"pt-cv-title\"><a href=\"https:\/\/explore-dance.de\/en\/festival\/7-explore-dance-festival-for-young-audiences\/\" class=\"_self cvplbd\" target=\"_self\" >#7 explore dance Festival for young audiences<\/a><\/h2><\/div><\/div>\n<div class=\" pt-cv-content-item pt-cv-1-col cvp-term-ort-munich-en cvp-term-translation_priority-optional-en\"  data-pid=\"16772\"><div class=\"pt-cv-thumb-wrapper  \"><a href=\"https:\/\/explore-dance.de\/en\/festival\/6-explore-dance-festival-fuer-junges-publikum\/\" class=\"_self pt-cv-href-thumbnail pt-cv-thumb-default cvplbd cvp-lazy-container\" target=\"_self\" ><img loading=\"lazy\" decoding=\"async\" width=\"600\" height=\"392\" src=\"https:\/\/explore-dance.de\/wp-content\/plugins\/pt-content-views-pro\/public\/assets\/images\/lazy_image.png\" class=\"pt-cv-thumbnail img-none skip-lazy  cvplazy\" alt=\"#6 \u2013 explore dance festival for young audience\" data-cvpsrc=\"https:\/\/explore-dance.de\/wp-content\/uploads\/2025\/03\/20240402_SecondHandDance_TheStickyDance_ThePlace_\u00a9FoteiniChristofilopoulou-8-2-Kopie-2-600x392.jpg\" data-cvpset=\"https:\/\/explore-dance.de\/wp-content\/uploads\/2025\/03\/20240402_SecondHandDance_TheStickyDance_ThePlace_\u00a9FoteiniChristofilopoulou-8-2-Kopie-2-600x392.jpg 600w, https:\/\/explore-dance.de\/wp-content\/uploads\/2025\/03\/20240402_SecondHandDance_TheStickyDance_ThePlace_\u00a9FoteiniChristofilopoulou-8-2-Kopie-2-1600x1045.jpg 1600w, https:\/\/explore-dance.de\/wp-content\/uploads\/2025\/03\/20240402_SecondHandDance_TheStickyDance_ThePlace_\u00a9FoteiniChristofilopoulou-8-2-Kopie-2-768x502.jpg 768w, https:\/\/explore-dance.de\/wp-content\/uploads\/2025\/03\/20240402_SecondHandDance_TheStickyDance_ThePlace_\u00a9FoteiniChristofilopoulou-8-2-Kopie-2-1536x1003.jpg 1536w, https:\/\/explore-dance.de\/wp-content\/uploads\/2025\/03\/20240402_SecondHandDance_TheStickyDance_ThePlace_\u00a9FoteiniChristofilopoulou-8-2-Kopie-2-2048x1338.jpg 2048w\" \/><\/a><\/div>\n<div class=\"pt-cv-remain-wrapper\"><div class=\"pt-cv-content\">06 - 10 MAY 2025, Munich<\/div><h2 class=\"pt-cv-title\"><a href=\"https:\/\/explore-dance.de\/en\/festival\/6-explore-dance-festival-fuer-junges-publikum\/\" class=\"_self cvplbd\" target=\"_self\" >#6 \u2013 explore dance festival for young audience<\/a><\/h2><\/div><\/div>\n<div class=\" pt-cv-content-item pt-cv-1-col cvp-term-translation_priority-optional-en cvp-term-ort-potsdam-en\"  data-pid=\"15704\"><div class=\"pt-cv-thumb-wrapper  \"><a href=\"https:\/\/explore-dance.de\/en\/festival\/2024-5-festival-fuer-junges-publikum-in-der-fabrik-potsdam\/\" class=\"_self pt-cv-href-thumbnail pt-cv-thumb-default cvplbd cvp-lazy-container\" target=\"_self\" ><img loading=\"lazy\" decoding=\"async\" width=\"600\" height=\"392\" src=\"https:\/\/explore-dance.de\/wp-content\/plugins\/pt-content-views-pro\/public\/assets\/images\/lazy_image.png\" class=\"pt-cv-thumbnail img-none skip-lazy  cvplazy\" alt=\"Eine T\u00e4nzerin und ein T\u00e4nzer in wei\u00dfen Kost\u00fcmen performen auf der B\u00fchne\" data-cvpsrc=\"https:\/\/explore-dance.de\/wp-content\/uploads\/2024\/12\/Kosmokoerper_Potsdam_web58_Foto_Piotr-Pietrus-600x392.jpg\" data-cvpset=\"https:\/\/explore-dance.de\/wp-content\/uploads\/2024\/12\/Kosmokoerper_Potsdam_web58_Foto_Piotr-Pietrus-600x392.jpg 600w, https:\/\/explore-dance.de\/wp-content\/uploads\/2024\/12\/Kosmokoerper_Potsdam_web58_Foto_Piotr-Pietrus-1600x1045.jpg 1600w, https:\/\/explore-dance.de\/wp-content\/uploads\/2024\/12\/Kosmokoerper_Potsdam_web58_Foto_Piotr-Pietrus-768x502.jpg 768w, https:\/\/explore-dance.de\/wp-content\/uploads\/2024\/12\/Kosmokoerper_Potsdam_web58_Foto_Piotr-Pietrus-1536x1003.jpg 1536w, https:\/\/explore-dance.de\/wp-content\/uploads\/2024\/12\/Kosmokoerper_Potsdam_web58_Foto_Piotr-Pietrus-2048x1338.jpg 2048w\" \/><\/a><\/div>\n<div class=\"pt-cv-remain-wrapper\"><div class=\"pt-cv-content\">20 - 26 September 2024, POTSDAM<\/div><h2 class=\"pt-cv-title\"><a href=\"https:\/\/explore-dance.de\/en\/festival\/2024-5-festival-fuer-junges-publikum-in-der-fabrik-potsdam\/\" class=\"_self cvplbd\" target=\"_self\" >#5 explore dance Festival for young audience<\/a><\/h2><\/div><\/div><\/div><\/div>\n<div class=\"text-center pt-cv-pagination-wrapper\"><a href='https:\/\/explore-dance.de\/en\/wp-json\/wp\/v2\/pages\/16772\/?_page=2' onclick='event.preventDefault()' class=\"pt-cv-more btn btn-primary btn-sm\" data-totalpages=\"2\" data-nextpages=\"2\" data-sid=\"f1e74d3eb7\" data-unid=\"\" data-isblock=\"\" data-postid=\"\">Mehr laden <span class=\"caret\"><\/span><\/a><img loading=\"lazy\" decoding=\"async\" width=\"15\" height=\"15\" class=\"pt-cv-spinner\" alt=\"Loading...\" src=\"data:image\/gif;base64,R0lGODlhDwAPALMPAMrKygwMDJOTkz09PZWVla+vr3p6euTk5M7OzuXl5TMzMwAAAJmZmWZmZszMzP\/\/\/yH\/C05FVFNDQVBFMi4wAwEAAAAh+QQFCgAPACwAAAAADwAPAAAEQvDJaZaZOIcV8iQK8VRX4iTYoAwZ4iCYoAjZ4RxejhVNoT+mRGP4cyF4Pp0N98sBGIBMEMOotl6YZ3S61Bmbkm4mAgAh+QQFCgAPACwAAAAADQANAAAENPDJSRSZeA418itN8QiK8BiLITVsFiyBBIoYqnoewAD4xPw9iY4XLGYSjkQR4UAUD45DLwIAIfkEBQoADwAsAAAAAA8ACQAABC\/wyVlamTi3nSdgwFNdhEJgTJoNyoB9ISYoQmdjiZPcj7EYCAeCF1gEDo4Dz2eIAAAh+QQFCgAPACwCAAAADQANAAAEM\/DJBxiYeLKdX3IJZT1FU0iIg2RNKx3OkZVnZ98ToRD4MyiDnkAh6BkNC0MvsAj0kMpHBAAh+QQFCgAPACwGAAAACQAPAAAEMDC59KpFDll73HkAA2wVY5KgiK5b0RRoI6MuzG6EQqCDMlSGheEhUAgqgUUAFRySIgAh+QQFCgAPACwCAAIADQANAAAEM\/DJKZNLND\/kkKaHc3xk+QAMYDKsiaqmZCxGVjSFFCxB1vwy2oOgIDxuucxAMTAJFAJNBAAh+QQFCgAPACwAAAYADwAJAAAEMNAs86q1yaWwwv2Ig0jUZx3OYa4XoRAfwADXoAwfo1+CIjyFRuEho60aSNYlOPxEAAAh+QQFCgAPACwAAAIADQANAAAENPA9s4y8+IUVcqaWJ4qEQozSoAzoIyhCK2NFU2SJk0hNnyEOhKR2AzAAj4Pj4GE4W0bkJQIAOw==\" \/><div class=\"clear pt-cv-clear-pagination\"><\/div><\/div><\/div>\t\t\t<style type=\"text\/css\" id=\"pt-cv-inline-style-cc2cfb1tkr\">\n#pt-cv-view-f1e74d3eb7 .pt-cv-thumb-wrapper:not(.miniwrap) {  }#pt-cv-view-f1e74d3eb7 .pt-cv-thumbnail:not(.pt-cv-thumbnailsm) { height: 250%; }#pt-cv-view-f1e74d3eb7 > .pt-cv-page {grid-template-columns: repeat(3, 1fr);grid-gap: 50px;}\n@media all and (max-width: 1024px) { \n#pt-cv-view-f1e74d3eb7 > .pt-cv-page {grid-template-columns: repeat(1, 1fr);}\n} \n@media all and (max-width: 767px) { \n#pt-cv-view-f1e74d3eb7 > .pt-cv-page {grid-template-columns: repeat(1, 1fr);}\n} <\/style>\r\n\t\t\t\t\t\t<style type=\"text\/css\" id=\"pt-cv-inline-style-b78812fypc\">#pt-cv-view-f1e74d3eb7  { margin-top: 35px !important; margin-right: 0px !important; margin-bottom: 35px !important; margin-left: 0px !important; }\n#pt-cv-view-f1e74d3eb7 .pt-cv-content-item { padding-top: 0px !important; padding-right: 0px !important; padding-bottom: 0px !important; padding-left: 0px !important; }\n#pt-cv-view-f1e74d3eb7 .pt-cv-title a, #pt-cv-view-f1e74d3eb7  .panel-title { font-size: 45px !important; line-height: 1.2 !important; }\n@media (min-width: 768px) and (max-width: 991px) {#pt-cv-view-f1e74d3eb7 .pt-cv-title a, #pt-cv-view-f1e74d3eb7  .panel-title { font-size: 32px !important }}\n@media (max-width: 767px) {#pt-cv-view-f1e74d3eb7 .pt-cv-title a, #pt-cv-view-f1e74d3eb7  .panel-title { font-size: 32px !important }}\n#pt-cv-view-f1e74d3eb7 .pt-cv-content , #pt-cv-view-f1e74d3eb7  .pt-cv-content *:not(.pt-cv-readmore):not(style):not(script) { text-transform: uppercase !important; margin: 0px 0px 0px 0px !important; padding: 0px 0px 0px 0px !important; }\n#pt-cv-view-f1e74d3eb7 .pt-cv-remain-wrapper  { padding: 30px 30px 30px 30px !important; }\n#pt-cv-view-f1e74d3eb7 .pt-cv-meta-fields * { font-size: 25px !important; line-height: 1.3 !important; color: #000000 !important; }\n#pt-cv-view-f1e74d3eb7 .pt-cv-custom-fields * { text-transform: uppercase !important; }\n#pt-cv-view-f1e74d3eb7 .pt-cv-readmore  { font-size: 22px !important; line-height: 1.3 !important; color: #000000 !important; }\n#pt-cv-view-f1e74d3eb7 .pt-cv-readmore:hover  { color: #000000 !important; text-decoration: underline !important; }\n#pt-cv-view-f1e74d3eb7  + .pt-cv-pagination-wrapper .pt-cv-more , #pt-cv-view-f1e74d3eb7  + .pt-cv-pagination-wrapper .pagination .active a, .pt-cv-pagination[data-sid='f1e74d3eb7'] .active a { font-size: 16px !important; line-height: 1.3 !important; color: #000000 !important; background-color: #ffffff !important; font-weight: 600 !important; text-transform: uppercase !important; border-width: 3px 3px 3px 3px !important; border-style: solid !important; border-color: #000000 !important; margin: 40px 40px 40px 40px !important; padding: 16px 16px 16px 16px !important; }<\/style>\r\n\t\t\t[\/vc_column_text][\/vc_column][\/vc_row][vc_row full_width=&#8221;stretch_row&#8221; css=&#8221;.vc_custom_1737410441316{margin-top: 60px !important;margin-bottom: -10px !important;padding-bottom: 60px !important;background-color: #ffa743 !important;}&#8221;][vc_column][vc_column_text css=&#8221;&#8221;]<\/p>\n<h2>INFORMIERT BLEIBEN<\/h2>\n<p>[\/vc_column_text][vc_column_text css=&#8221;&#8221;]Neuigkeiten aus unserem Netzwerk und zum Thema Tanz f\u00fcr junges Publikum, Vorstellungstermine, Jobangebote und mehr erhaltet ihr \u00fcber unseren Newsletter, der alle 1-2 Monate erscheint. Tragt euch gern ein, wir halten euch auf dem Laufenden!<\/p>\n<p>[\/vc_column_text][vc_btn title=&#8221;Anmelden&#8221; style=&#8221;classic&#8221; shape=&#8221;square&#8221; color=&#8221;white&#8221; css=&#8221;&#8221; link=&#8221;url:https%3A%2F%2Fexplore-dance.de%2Fnewsletter%2F|title:Newsletter&#8221;][\/vc_column][\/vc_row]<\/p>\n<\/div>","protected":false},"excerpt":{"rendered":"<p>06 &#8211; 10 MAY 2025, Munich  [&#8230;]<\/p>\n<p><a class=\"btn btn-secondary understrap-read-more-link\" href=\"https:\/\/explore-dance.de\/en\/kalender\/wo-der-teppich-staub-faengt-alexander-varekhine-17\/\">Read More&#8230;<span class=\"screen-reader-text\"> from WO DER TEPPICH STAUB F\u00c4NGT, Alexander Varekhine<\/span><\/a><\/p>\n","protected":false},"author":5,"featured_media":17177,"parent":3150,"menu_order":145,"comment_status":"closed","ping_status":"closed","template":"page-templates\/standardtemplate-nopadding.php","meta":{"_acf_changed":false,"footnotes":""},"class_list":["post-16772","page","type-page","status-publish","has-post-thumbnail","hentry","ort-munich-en"],"acf":[],"_links":{"self":[{"href":"https:\/\/explore-dance.de\/en\/wp-json\/wp\/v2\/pages\/16772","targetHints":{"allow":["GET"]}}],"collection":[{"href":"https:\/\/explore-dance.de\/en\/wp-json\/wp\/v2\/pages"}],"about":[{"href":"https:\/\/explore-dance.de\/en\/wp-json\/wp\/v2\/types\/page"}],"author":[{"embeddable":true,"href":"https:\/\/explore-dance.de\/en\/wp-json\/wp\/v2\/users\/5"}],"replies":[{"embeddable":true,"href":"https:\/\/explore-dance.de\/en\/wp-json\/wp\/v2\/comments?post=16772"}],"version-history":[{"count":29,"href":"https:\/\/explore-dance.de\/en\/wp-json\/wp\/v2\/pages\/16772\/revisions"}],"predecessor-version":[{"id":18387,"href":"https:\/\/explore-dance.de\/en\/wp-json\/wp\/v2\/pages\/16772\/revisions\/18387"}],"up":[{"embeddable":true,"href":"https:\/\/explore-dance.de\/en\/wp-json\/wp\/v2\/pages\/3150"}],"wp:featuredmedia":[{"embeddable":true,"href":"https:\/\/explore-dance.de\/en\/wp-json\/wp\/v2\/media\/17177"}],"wp:attachment":[{"href":"https:\/\/explore-dance.de\/en\/wp-json\/wp\/v2\/media?parent=16772"}],"curies":[{"name":"wp","href":"https:\/\/api.w.org\/{rel}","templated":true}]}}