{"id":12467,"date":"2025-01-31T09:21:26","date_gmt":"2025-01-31T08:21:26","guid":{"rendered":"https:\/\/explore-dance.de\/?page_id=12467"},"modified":"2025-01-31T09:24:04","modified_gmt":"2025-01-31T08:24:04","slug":"alle-begleitmaterialien","status":"publish","type":"page","link":"https:\/\/explore-dance.de\/en\/alle-begleitmaterialien\/","title":{"rendered":"Alle Begleitmaterialien"},"content":{"rendered":"<div class=\"wpb-content-wrapper\"><p>[vc_row css=&#8221;.vc_custom_1713434476134{margin-top: 60px !important;}&#8221;][vc_column][vc_column_text]<\/p>\n<div>\n<h1>Begleitmaterialien<\/h1>\n<p>&nbsp;<\/p><\/div>\n<div>Begleitmaterialien zu den <em>explore dance<\/em> Produktionen f\u00fcr den Schulunterricht werden hier in K\u00fcrze zum Download zur Verf\u00fcgung gestellt.<\/div>\n<p>[\/vc_column_text][\/vc_column][\/vc_row][vc_row full_width=&#8221;stretch_row_content&#8221; css=&#8221;.vc_custom_1713798134355{margin-top: 40px !important;margin-bottom: 40px !important;}&#8221;][vc_column][vc_separator border_width=&#8221;5&#8243;][\/vc_column][\/vc_row][vc_row full_width=&#8221;stretch_row_content&#8221; css=&#8221;.vc_custom_1715331103433{margin-bottom: 0px !important;}&#8221;][vc_column][vc_basic_grid post_type=&#8221;downloads&#8221; max_items=&#8221;-1&#8243; style=&#8221;load-more&#8221; items_per_page=&#8221;12&#8243; show_filter=&#8221;yes&#8221; gap=&#8221;35&#8243; filter_style=&#8221;dropdown&#8221; filter_align=&#8221;left&#8221; item=&#8221;12470&#8243; css=&#8221;.vc_custom_1738311840750{margin-bottom: 0px !important;}&#8221; btn_style=&#8221;classic&#8221; btn_shape=&#8221;square&#8221; btn_color=&#8221;white&#8221; btn_size=&#8221;sm&#8221; grid_id=&#8221;vc_gid:1738311833294-a0fe494b-f47a-3&#8243; taxonomies=&#8221;374&#8243; el_class=&#8221;EP3colGrid&#8221; filter_source=&#8221;ptitle&#8221;][\/vc_column][\/vc_row]<\/p>\n<\/div>","protected":false},"excerpt":{"rendered":"<p>[vc_row css=&#8221;.vc_custom_1713434476134{margin-top: 60px !important;}&#8221;][vc_column][vc_column_text] Begleitmaterialien &nbsp; Begleitmaterialien zu den explore dance Produktionen f\u00fcr den Schulunterricht werden hier in K\u00fcrze zum [&#8230;]<\/p>\n<p><a class=\"btn btn-secondary understrap-read-more-link\" href=\"https:\/\/explore-dance.de\/en\/alle-begleitmaterialien\/\">Read More&#8230;<span class=\"screen-reader-text\"> from Alle Begleitmaterialien<\/span><\/a><\/p>\n","protected":false},"author":1,"featured_media":0,"parent":0,"menu_order":182,"comment_status":"closed","ping_status":"closed","template":"page-templates\/standardtemplate-nopadding.php","meta":{"_acf_changed":false,"footnotes":""},"class_list":["post-12467","page","type-page","status-publish","hentry"],"acf":[],"_links":{"self":[{"href":"https:\/\/explore-dance.de\/en\/wp-json\/wp\/v2\/pages\/12467","targetHints":{"allow":["GET"]}}],"collection":[{"href":"https:\/\/explore-dance.de\/en\/wp-json\/wp\/v2\/pages"}],"about":[{"href":"https:\/\/explore-dance.de\/en\/wp-json\/wp\/v2\/types\/page"}],"author":[{"embeddable":true,"href":"https:\/\/explore-dance.de\/en\/wp-json\/wp\/v2\/users\/1"}],"replies":[{"embeddable":true,"href":"https:\/\/explore-dance.de\/en\/wp-json\/wp\/v2\/comments?post=12467"}],"version-history":[{"count":5,"href":"https:\/\/explore-dance.de\/en\/wp-json\/wp\/v2\/pages\/12467\/revisions"}],"predecessor-version":[{"id":16079,"href":"https:\/\/explore-dance.de\/en\/wp-json\/wp\/v2\/pages\/12467\/revisions\/16079"}],"wp:attachment":[{"href":"https:\/\/explore-dance.de\/en\/wp-json\/wp\/v2\/media?parent=12467"}],"curies":[{"name":"wp","href":"https:\/\/api.w.org\/{rel}","templated":true}]}}