{"id":11316,"date":"2023-09-01T12:17:43","date_gmt":"2023-09-01T10:17:43","guid":{"rendered":"https:\/\/explore-dance.de\/?page_id=11316"},"modified":"2025-03-21T11:30:17","modified_gmt":"2025-03-21T10:30:17","slug":"festival-explore-dance-4","status":"publish","type":"page","link":"https:\/\/explore-dance.de\/en\/festival\/festival-explore-dance-4\/","title":{"rendered":"#4 Pop Up Festival for young audience"},"content":{"rendered":"<div class=\"wpb-content-wrapper\"><p>[vc_row full_width=&#8221;stretch_row_content_no_spaces&#8221; css=&#8221;.vc_custom_1594550520294{margin-top: 0px !important;margin-bottom: 50px !important;padding-top: 0px !important;padding-bottom: 0px !important;}&#8221;][vc_column css=&#8221;.vc_custom_1544536186309{margin-top: 0px !important;margin-bottom: 0px !important;padding-top: 0px !important;padding-bottom: 0px !important;}&#8221;][vc_single_image image=&#8221;16493&#8243; img_size=&#8221;full&#8221; alignment=&#8221;center&#8221; css=&#8221;.vc_custom_1739959621088{margin-top: 0px !important;margin-bottom: 0px !important;padding-top: 0px !important;padding-bottom: 0px !important;}&#8221;][\/vc_column][\/vc_row][vc_row][vc_column][vc_column_text css=&#8221;&#8221;]23. \u2013 27.09.2023, POTSDAM<\/p>\n<h1>#4 Pop Up Festival for young audience<\/h1>\n<p>[\/vc_column_text][\/vc_column][\/vc_row][vc_row css=&#8221;.vc_custom_1737547826301{margin-bottom: 60px !important;}&#8221;][vc_column][vc_tta_accordion style=&#8221;modern&#8221; shape=&#8221;square&#8221; color=&#8221;white&#8221; c_icon=&#8221;chevron&#8221; c_position=&#8221;right&#8221; active_section=&#8221;&#8221; collapsible_all=&#8221;true&#8221;][vc_tta_section title=&#8221;Program&#8221; tab_id=&#8221;Programm&#8221;][vc_column_text css=&#8221;&#8221;]<\/p>\n<div class=\"wpb_text_column wpb_content_element\">\n<div class=\"wpb_wrapper\">\n<p>A duet between a dancer and a crocodile, two superheros in a dance battle arena, a body as a landscape, pop culture and music choreography \u2013 the festival\u2019s programme was colourful and made the art of dance tangible for everyone. The festival explore dance #4 invited children, young people, families, school classes, and teachers to experience dance for young audiences in its many forms. This year\u2019s focus was on the pop up pieces, which were designed for different venues \u2013 classrooms, auditoriums, gyms, galleries, meeting centres or public spaces \u2013 and thus magically transform spaces for different age groups. Since the launch of the explore dance programme in 2018, numerous pop up pieces have been shown across the country and a selection of these were to be seen during the festival by a wider audience.<\/p>\n<p>You can read the programm in German <a href=\"https:\/\/www.dropbox.com\/scl\/fi\/hgitlhexrwomp0bzljk5q\/2023-Festival_explore_dance-4.pdf?rlkey=6eszm7si399b8p8qzgtuaoak9&amp;dl=0\">here<\/a><\/p>\n<\/div>\n<\/div>\n<p>[\/vc_column_text][\/vc_tta_section][vc_tta_section title=&#8221;Trailer&#8221; tab_id=&#8221;Trailer&#8221;][vc_video link=&#8221;https:\/\/youtu.be\/CFkQ_HNRUe8?si=qhKXwzKH9p9LU_i_&#8221;][\/vc_tta_section][vc_tta_section title=&#8221;Panelzugang&#8221; tab_id=&#8221;Panelzugang&#8221;][vc_column_text css=&#8221;&#8221;]Link zum kulturpolitischen Panel &#8220;Zug\u00e4nge zur Kultur, Zug\u00e4nge zum Tanz f\u00fcr junges Publikum&#8221; am Di. 26.09 &#8211; 13.00, 14.30 : \u00a0<a class=\"\" href=\"https:\/\/us06web.zoom.us\/j\/84894669690\">https:\/\/us06web.zoom.us\/j\/84894669690<\/a><\/p>\n<p>[\/vc_column_text][\/vc_tta_section][vc_tta_section title=&#8221;Inhaltsbereich&#8221; tab_id=&#8221;1742552975886-580547e5-2f7d&#8221;][\/vc_tta_section][\/vc_tta_accordion][\/vc_column][\/vc_row][vc_row disable_element=&#8221;yes&#8221; css=&#8221;.vc_custom_1738138250238{margin-bottom: 60px !important;}&#8221;][vc_column][vc_column_text css=&#8221;&#8221;]<\/p>\n<h2>Bilder<\/h2>\n<p>[\/vc_column_text][vc_images_carousel images=&#8221;874,872,870,868&#8243; img_size=&#8221;medium&#8221; slides_per_view=&#8221;3&#8243; hide_pagination_control=&#8221;yes&#8221; wrap=&#8221;yes&#8221; css=&#8221;&#8221;][\/vc_column][\/vc_row][vc_row][vc_column][vc_column_text css=&#8221;&#8221;]<\/p>\n<h2>Schedule<\/h2>\n<p>[\/vc_column_text][\/vc_column][\/vc_row][vc_row full_width=&#8221;stretch_row_content&#8221; css=&#8221;.vc_custom_1739786329449{margin-bottom: 60px !important;}&#8221;][vc_column][vc_column_text css=&#8221;&#8221;]<ul id=\"calendar-list\" class=\"calendar-home collapsible\" data-collapsible=\"accordion\" aria-live=\"polite\"><li class=\"potsdam-en festival-2-en this-wall-en\" data-post-id=\"11008\"><div class=\"collapsible-header\"><span class=\"calendar-sep\">,<\/span><span class=\"calendar-location\"> fabrik Potsdam<\/span><div class=\"calendar-image\"> <\/div><\/div><div class=\"calendar-content\"><span class=\"calendar-meta-location\">Potsdam<\/span><span class=\"calendar-date\">23.09.2023, <span class=\"calendar-meta-time\">19:30<\/span> Uhr<\/span><div class=\"calendar-title\"><p><a href=\"https:\/\/explore-dance.de\/en\/produktionen\/martina-la-ragione-this-wall\/\">This Wall Has No Title, Martina La Ragione<\/a><\/p><\/div><div class=\"calendar-meta\"><span class=\"calendar-location\">fabrik Potsdam<\/span><span class=\"calendar-post-id\"> (ID: 11008)<\/span><\/div><div class=\"calendar-body\"><p><\/p><\/div><\/div><div class=\"calendar-btn-typ\"><a class=\"ticket-btn \" href=\"https:\/\/fabrikpotsdam-gutscheine.reservix.de\/events\" target=\"_blank\">Tickets<\/a><span class=\"calendar-meta-typ\">Festival<\/span><\/div><\/li><li class=\"potsdam-en festival-2-en horace-en\" data-post-id=\"11011\"><div class=\"collapsible-header\"><span class=\"calendar-sep\">,<\/span><span class=\"calendar-location\"> fabrik Potsdam<\/span><div class=\"calendar-image\"> <\/div><\/div><div class=\"calendar-content\"><span class=\"calendar-meta-location\">Potsdam<\/span><span class=\"calendar-date\">24.09.2023, <span class=\"calendar-meta-time\">11:00<\/span> Uhr<\/span><div class=\"calendar-title\"><p><a href=\"https:\/\/explore-dance.de\/en\/produktionen\/renae-shadler-horace\/\">HORACE, Renae Shadler<\/a><\/p><\/div><div class=\"calendar-meta\"><span class=\"calendar-location\">fabrik Potsdam<\/span><span class=\"calendar-post-id\"> (ID: 11011)<\/span><\/div><div class=\"calendar-body\"><p><\/p><\/div><\/div><div class=\"calendar-btn-typ\"><a class=\"ticket-btn \" href=\"https:\/\/fabrikpotsdam-gutscheine.reservix.de\/events\" target=\"_blank\">Tickets<\/a><span class=\"calendar-meta-typ\">Festival<\/span><\/div><\/li><li class=\"potsdam-en festival-2-en horace-en\" data-post-id=\"11016\"><div class=\"collapsible-header\"><span class=\"calendar-sep\">,<\/span><span class=\"calendar-location\"> fabrik Potsdam<\/span><div class=\"calendar-image\"> <\/div><\/div><div class=\"calendar-content\"><span class=\"calendar-meta-location\">Potsdam<\/span><span class=\"calendar-date\">25.09.2023, <span class=\"calendar-meta-time\">09:30<\/span> Uhr<\/span><div class=\"calendar-title\"><p><a href=\"https:\/\/explore-dance.de\/en\/produktionen\/renae-shadler-horace\/\">HORACE, Renae Shadler<\/a><\/p><\/div><div class=\"calendar-meta\"><span class=\"calendar-location\">fabrik Potsdam<\/span><span class=\"calendar-post-id\"> (ID: 11016)<\/span><\/div><div class=\"calendar-body\"><p><\/p><\/div><\/div><div class=\"calendar-btn-typ\"><a class=\"ticket-btn \" href=\"https:\/\/fabrikpotsdam-gutscheine.reservix.de\/events\" target=\"_blank\">Tickets<\/a><span class=\"calendar-meta-typ\">Festival<\/span><\/div><\/li><\/ul><div id=\"loading-animation\" style=\"display:none;\"><img loading=\"lazy\" decoding=\"async\" width=\"15\" height=\"15\" class=\"pt-cv-spinner\" alt=\"Wird geladen&nbsp;\u2026\" src=\"data:image\/gif;base64,R0lGODlhDwAPALMPAMrKygwMDJOTkz09PZWVla+vr3p6euTk5M7OzuXl5TMzMwAAAJmZmWZmZszMzP\/\/\/yH\/C05FVFNDQVBFMi4wAwEAAAAh+QQFCgAPACwAAAAADwAPAAAEQvDJaZaZOIcV8iQK8VRX4iTYoAwZ4iCYoAjZ4RxejhVNoT+mRGP4cyF4Pp0N98sBGIBMEMOotl6YZ3S61Bmbkm4mAgAh+QQFCgAPACwAAAAADQANAAAENPDJSRSZeA418itN8QiK8BiLITVsFiyBBIoYqnoewAD4xPw9iY4XLGYSjkQR4UAUD45DLwIAIfkEBQoADwAsAAAAAA8ACQAABC\/wyVlamTi3nSdgwFNdhEJgTJoNyoB9ISYoQmdjiZPcj7EYCAeCF1gEDo4Dz2eIAAAh+QQFCgAPACwCAAAADQANAAAEM\/DJBxiYeLKdX3IJZT1FU0iIg2RNKx3OkZVnZ98ToRD4MyiDnkAh6BkNC0MvsAj0kMpHBAAh+QQFCgAPACwGAAAACQAPAAAEMDC59KpFDll73HkAA2wVY5KgiK5b0RRoI6MuzG6EQqCDMlSGheEhUAgqgUUAFRySIgAh+QQFCgAPACwCAAIADQANAAAEM\/DJKZNLND\/kkKaHc3xk+QAMYDKsiaqmZCxGVjSFFCxB1vwy2oOgIDxuucxAMTAJFAJNBAAh+QQFCgAPACwAAAYADwAJAAAEMNAs86q1yaWwwv2Ig0jUZx3OYa4XoRAfwADXoAwfo1+CIjyFRuEho60aSNYlOPxEAAAh+QQFCgAPACwAAAIADQANAAAENPA9s4y8+IUVcqaWJ4qEQozSoAzoIyhCK2NFU2SJk0hNnyEOhKR2AzAAj4Pj4GE4W0bkJQIAOw==\"><\/div><button id=\"load-more\" \n                class=\"load-more\" \n                data-current-page=\"1\" \n                data-max-pages=\"3\" \n                data-last-date=\"20230925\" \n                data-date-range=\"\"\n                data-posts-per-page=\"30\" \n                data-selected-year=\"2023\"\n                data-selected-ort=\"potsdam-en\"\n                data-selected-typ=\"festival-2-en\"\n                data-selected-age_rating=\"\"\n                data-already-loaded-ids=\"[11008,11011,11016]\">\n                Load More\n            <\/button><div class=\"display-debug\"><p id=\"loaded-count\">Initial geladen: 30<\/p><p id=\"loaded-after-count\">Nachgeladen: 0<\/p><p id=\"total-loaded-count\">Gesamt geladen: 0<\/p><p id=\"total-available-count\">Gefundene Beitr\u00e4ge Anzahl: 9<\/p><p id=\"found-post-ids\">Gefundene Beitr\u00e4ge IDs: <span>11008, 11011, 11016, 11020, 11024, 11030, 11037, 11034, 11043<\/span><\/p><p id=\"available-post-ids\">Nachgeladene Beitr\u00e4ge IDs: <span><\/span><\/p><p id=\"initial-post-ids\">Initial geladene Beitr\u00e4ge IDs: <span>11008, 11011, 11016<\/span><\/p><\/div>\n<p>&nbsp;<\/p>\n<p>&nbsp;<\/p>\n<p>[\/vc_column_text][\/vc_column][\/vc_row][vc_row full_width=&#8221;stretch_row_content&#8221;][vc_column][vc_separator border_width=&#8221;5&#8243;][\/vc_column][\/vc_row][vc_row css=&#8221;.vc_custom_1739786850573{margin-bottom: 0px !important;}&#8221;][vc_column width=&#8221;2\/3&#8243;][vc_column_text css=&#8221;.vc_custom_1739786592113{margin-bottom: 0px !important;}&#8221;]<\/p>\n<h2>VERGANGENE FESTIVALS<\/h2>\n<p>[\/vc_column_text][\/vc_column][vc_column width=&#8221;1\/3&#8243;][vc_column_text css=&#8221;&#8221;]<\/p>\n<p style=\"text-align: right;\"><a href=\"https:\/\/explore-dance.de\/festival\/\">Alle Festivals<\/a><\/p>\n<p>[\/vc_column_text][\/vc_column][\/vc_row][vc_row full_width=&#8221;stretch_row_content&#8221;][vc_column][vc_column_text css=&#8221;&#8221;]<div class=\"pt-cv-wrapper\"><div class=\"pt-cv-view pt-cv-blockgrid iscvblock iscvhybrid grid1 layout2 pt-cv-pgloadmore ed-cvgrid2-col3 festivals\" id=\"pt-cv-view-f1e74d3eb7\"><div data-id=\"pt-cv-page-1\" class=\"pt-cv-page\" data-cvc=\"3\"><div class=\" pt-cv-content-item pt-cv-1-col cvp-term-translation_priority-optional-en cvp-term-ort-potsdam-en\"  data-pid=\"18996\"><div class=\"pt-cv-thumb-wrapper  \"><a href=\"https:\/\/explore-dance.de\/en\/festival\/7-explore-dance-festival-for-young-audiences\/\" class=\"_self pt-cv-href-thumbnail pt-cv-thumb-default cvplbd cvp-lazy-container\" target=\"_self\" ><img loading=\"lazy\" decoding=\"async\" width=\"600\" height=\"392\" src=\"https:\/\/explore-dance.de\/wp-content\/plugins\/pt-content-views-pro\/public\/assets\/images\/lazy_image.png\" class=\"pt-cv-thumbnail img-none skip-lazy  cvplazy\" alt=\"#7 explore dance Festival for young audiences\" data-cvpsrc=\"https:\/\/explore-dance.de\/wp-content\/uploads\/2024\/08\/Webbanner_festival_potsdam_Startseite_2500x1633-1-600x392.jpg\" data-cvpset=\"https:\/\/explore-dance.de\/wp-content\/uploads\/2024\/08\/Webbanner_festival_potsdam_Startseite_2500x1633-1-600x392.jpg 600w, https:\/\/explore-dance.de\/wp-content\/uploads\/2024\/08\/Webbanner_festival_potsdam_Startseite_2500x1633-1-1600x1045.jpg 1600w, https:\/\/explore-dance.de\/wp-content\/uploads\/2024\/08\/Webbanner_festival_potsdam_Startseite_2500x1633-1-768x502.jpg 768w, https:\/\/explore-dance.de\/wp-content\/uploads\/2024\/08\/Webbanner_festival_potsdam_Startseite_2500x1633-1-1536x1003.jpg 1536w, https:\/\/explore-dance.de\/wp-content\/uploads\/2024\/08\/Webbanner_festival_potsdam_Startseite_2500x1633-1-2048x1338.jpg 2048w\" \/><\/a><\/div>\n<div class=\"pt-cv-remain-wrapper\"><div class=\"pt-cv-content\">24 - 29. September 2025, Potsdam<\/div><h2 class=\"pt-cv-title\"><a href=\"https:\/\/explore-dance.de\/en\/festival\/7-explore-dance-festival-for-young-audiences\/\" class=\"_self cvplbd\" target=\"_self\" >#7 explore dance Festival for young audiences<\/a><\/h2><\/div><\/div>\n<div class=\" pt-cv-content-item pt-cv-1-col cvp-term-ort-munich-en cvp-term-translation_priority-optional-en\"  data-pid=\"16772\"><div class=\"pt-cv-thumb-wrapper  \"><a href=\"https:\/\/explore-dance.de\/en\/festival\/6-explore-dance-festival-fuer-junges-publikum\/\" class=\"_self pt-cv-href-thumbnail pt-cv-thumb-default cvplbd cvp-lazy-container\" target=\"_self\" ><img loading=\"lazy\" decoding=\"async\" width=\"600\" height=\"392\" src=\"https:\/\/explore-dance.de\/wp-content\/plugins\/pt-content-views-pro\/public\/assets\/images\/lazy_image.png\" class=\"pt-cv-thumbnail img-none skip-lazy  cvplazy\" alt=\"#6 \u2013 explore dance festival for young audience\" data-cvpsrc=\"https:\/\/explore-dance.de\/wp-content\/uploads\/2025\/03\/20240402_SecondHandDance_TheStickyDance_ThePlace_\u00a9FoteiniChristofilopoulou-8-2-Kopie-2-600x392.jpg\" data-cvpset=\"https:\/\/explore-dance.de\/wp-content\/uploads\/2025\/03\/20240402_SecondHandDance_TheStickyDance_ThePlace_\u00a9FoteiniChristofilopoulou-8-2-Kopie-2-600x392.jpg 600w, https:\/\/explore-dance.de\/wp-content\/uploads\/2025\/03\/20240402_SecondHandDance_TheStickyDance_ThePlace_\u00a9FoteiniChristofilopoulou-8-2-Kopie-2-1600x1045.jpg 1600w, https:\/\/explore-dance.de\/wp-content\/uploads\/2025\/03\/20240402_SecondHandDance_TheStickyDance_ThePlace_\u00a9FoteiniChristofilopoulou-8-2-Kopie-2-768x502.jpg 768w, https:\/\/explore-dance.de\/wp-content\/uploads\/2025\/03\/20240402_SecondHandDance_TheStickyDance_ThePlace_\u00a9FoteiniChristofilopoulou-8-2-Kopie-2-1536x1003.jpg 1536w, https:\/\/explore-dance.de\/wp-content\/uploads\/2025\/03\/20240402_SecondHandDance_TheStickyDance_ThePlace_\u00a9FoteiniChristofilopoulou-8-2-Kopie-2-2048x1338.jpg 2048w\" \/><\/a><\/div>\n<div class=\"pt-cv-remain-wrapper\"><div class=\"pt-cv-content\">06 - 10 MAY 2025, Munich<\/div><h2 class=\"pt-cv-title\"><a href=\"https:\/\/explore-dance.de\/en\/festival\/6-explore-dance-festival-fuer-junges-publikum\/\" class=\"_self cvplbd\" target=\"_self\" >#6 \u2013 explore dance festival for young audience<\/a><\/h2><\/div><\/div>\n<div class=\" pt-cv-content-item pt-cv-1-col cvp-term-translation_priority-optional-en cvp-term-ort-potsdam-en\"  data-pid=\"15704\"><div class=\"pt-cv-thumb-wrapper  \"><a href=\"https:\/\/explore-dance.de\/en\/festival\/2024-5-festival-fuer-junges-publikum-in-der-fabrik-potsdam\/\" class=\"_self pt-cv-href-thumbnail pt-cv-thumb-default cvplbd cvp-lazy-container\" target=\"_self\" ><img loading=\"lazy\" decoding=\"async\" width=\"600\" height=\"392\" src=\"https:\/\/explore-dance.de\/wp-content\/plugins\/pt-content-views-pro\/public\/assets\/images\/lazy_image.png\" class=\"pt-cv-thumbnail img-none skip-lazy  cvplazy\" alt=\"Eine T\u00e4nzerin und ein T\u00e4nzer in wei\u00dfen Kost\u00fcmen performen auf der B\u00fchne\" data-cvpsrc=\"https:\/\/explore-dance.de\/wp-content\/uploads\/2024\/12\/Kosmokoerper_Potsdam_web58_Foto_Piotr-Pietrus-600x392.jpg\" data-cvpset=\"https:\/\/explore-dance.de\/wp-content\/uploads\/2024\/12\/Kosmokoerper_Potsdam_web58_Foto_Piotr-Pietrus-600x392.jpg 600w, https:\/\/explore-dance.de\/wp-content\/uploads\/2024\/12\/Kosmokoerper_Potsdam_web58_Foto_Piotr-Pietrus-1600x1045.jpg 1600w, https:\/\/explore-dance.de\/wp-content\/uploads\/2024\/12\/Kosmokoerper_Potsdam_web58_Foto_Piotr-Pietrus-768x502.jpg 768w, https:\/\/explore-dance.de\/wp-content\/uploads\/2024\/12\/Kosmokoerper_Potsdam_web58_Foto_Piotr-Pietrus-1536x1003.jpg 1536w, https:\/\/explore-dance.de\/wp-content\/uploads\/2024\/12\/Kosmokoerper_Potsdam_web58_Foto_Piotr-Pietrus-2048x1338.jpg 2048w\" \/><\/a><\/div>\n<div class=\"pt-cv-remain-wrapper\"><div class=\"pt-cv-content\">20 - 26 September 2024, POTSDAM<\/div><h2 class=\"pt-cv-title\"><a href=\"https:\/\/explore-dance.de\/en\/festival\/2024-5-festival-fuer-junges-publikum-in-der-fabrik-potsdam\/\" class=\"_self cvplbd\" target=\"_self\" >#5 explore dance Festival for young audience<\/a><\/h2><\/div><\/div><\/div><\/div>\n<div class=\"text-center pt-cv-pagination-wrapper\"><a href='https:\/\/explore-dance.de\/en\/wp-json\/wp\/v2\/pages\/11316\/?_page=2' onclick='event.preventDefault()' class=\"pt-cv-more btn btn-primary btn-sm\" data-totalpages=\"2\" data-nextpages=\"2\" data-sid=\"f1e74d3eb7\" data-unid=\"\" data-isblock=\"\" data-postid=\"\">Mehr laden <span class=\"caret\"><\/span><\/a><img loading=\"lazy\" decoding=\"async\" width=\"15\" height=\"15\" class=\"pt-cv-spinner\" alt=\"Loading...\" src=\"data:image\/gif;base64,R0lGODlhDwAPALMPAMrKygwMDJOTkz09PZWVla+vr3p6euTk5M7OzuXl5TMzMwAAAJmZmWZmZszMzP\/\/\/yH\/C05FVFNDQVBFMi4wAwEAAAAh+QQFCgAPACwAAAAADwAPAAAEQvDJaZaZOIcV8iQK8VRX4iTYoAwZ4iCYoAjZ4RxejhVNoT+mRGP4cyF4Pp0N98sBGIBMEMOotl6YZ3S61Bmbkm4mAgAh+QQFCgAPACwAAAAADQANAAAENPDJSRSZeA418itN8QiK8BiLITVsFiyBBIoYqnoewAD4xPw9iY4XLGYSjkQR4UAUD45DLwIAIfkEBQoADwAsAAAAAA8ACQAABC\/wyVlamTi3nSdgwFNdhEJgTJoNyoB9ISYoQmdjiZPcj7EYCAeCF1gEDo4Dz2eIAAAh+QQFCgAPACwCAAAADQANAAAEM\/DJBxiYeLKdX3IJZT1FU0iIg2RNKx3OkZVnZ98ToRD4MyiDnkAh6BkNC0MvsAj0kMpHBAAh+QQFCgAPACwGAAAACQAPAAAEMDC59KpFDll73HkAA2wVY5KgiK5b0RRoI6MuzG6EQqCDMlSGheEhUAgqgUUAFRySIgAh+QQFCgAPACwCAAIADQANAAAEM\/DJKZNLND\/kkKaHc3xk+QAMYDKsiaqmZCxGVjSFFCxB1vwy2oOgIDxuucxAMTAJFAJNBAAh+QQFCgAPACwAAAYADwAJAAAEMNAs86q1yaWwwv2Ig0jUZx3OYa4XoRAfwADXoAwfo1+CIjyFRuEho60aSNYlOPxEAAAh+QQFCgAPACwAAAIADQANAAAENPA9s4y8+IUVcqaWJ4qEQozSoAzoIyhCK2NFU2SJk0hNnyEOhKR2AzAAj4Pj4GE4W0bkJQIAOw==\" \/><div class=\"clear pt-cv-clear-pagination\"><\/div><\/div><\/div>\t\t\t<style type=\"text\/css\" id=\"pt-cv-inline-style-fe8f9d9u3n\">\n#pt-cv-view-f1e74d3eb7 .pt-cv-thumb-wrapper:not(.miniwrap) {  }#pt-cv-view-f1e74d3eb7 .pt-cv-thumbnail:not(.pt-cv-thumbnailsm) { height: 250%; }#pt-cv-view-f1e74d3eb7 > .pt-cv-page {grid-template-columns: repeat(3, 1fr);grid-gap: 50px;}\n@media all and (max-width: 1024px) { \n#pt-cv-view-f1e74d3eb7 > .pt-cv-page {grid-template-columns: repeat(1, 1fr);}\n} \n@media all and (max-width: 767px) { \n#pt-cv-view-f1e74d3eb7 > .pt-cv-page {grid-template-columns: repeat(1, 1fr);}\n} <\/style>\r\n\t\t\t\t\t\t<style type=\"text\/css\" id=\"pt-cv-inline-style-e88fa17gdf\">#pt-cv-view-f1e74d3eb7  { margin-top: 35px !important; margin-right: 0px !important; margin-bottom: 35px !important; margin-left: 0px !important; }\n#pt-cv-view-f1e74d3eb7 .pt-cv-content-item { padding-top: 0px !important; padding-right: 0px !important; padding-bottom: 0px !important; padding-left: 0px !important; }\n#pt-cv-view-f1e74d3eb7 .pt-cv-title a, #pt-cv-view-f1e74d3eb7  .panel-title { font-size: 45px !important; line-height: 1.2 !important; }\n@media (min-width: 768px) and (max-width: 991px) {#pt-cv-view-f1e74d3eb7 .pt-cv-title a, #pt-cv-view-f1e74d3eb7  .panel-title { font-size: 32px !important }}\n@media (max-width: 767px) {#pt-cv-view-f1e74d3eb7 .pt-cv-title a, #pt-cv-view-f1e74d3eb7  .panel-title { font-size: 32px !important }}\n#pt-cv-view-f1e74d3eb7 .pt-cv-content , #pt-cv-view-f1e74d3eb7  .pt-cv-content *:not(.pt-cv-readmore):not(style):not(script) { text-transform: uppercase !important; margin: 0px 0px 0px 0px !important; padding: 0px 0px 0px 0px !important; }\n#pt-cv-view-f1e74d3eb7 .pt-cv-remain-wrapper  { padding: 30px 30px 30px 30px !important; }\n#pt-cv-view-f1e74d3eb7 .pt-cv-meta-fields * { font-size: 25px !important; line-height: 1.3 !important; color: #000000 !important; }\n#pt-cv-view-f1e74d3eb7 .pt-cv-custom-fields * { text-transform: uppercase !important; }\n#pt-cv-view-f1e74d3eb7 .pt-cv-readmore  { font-size: 22px !important; line-height: 1.3 !important; color: #000000 !important; }\n#pt-cv-view-f1e74d3eb7 .pt-cv-readmore:hover  { color: #000000 !important; text-decoration: underline !important; }\n#pt-cv-view-f1e74d3eb7  + .pt-cv-pagination-wrapper .pt-cv-more , #pt-cv-view-f1e74d3eb7  + .pt-cv-pagination-wrapper .pagination .active a, .pt-cv-pagination[data-sid='f1e74d3eb7'] .active a { font-size: 16px !important; line-height: 1.3 !important; color: #000000 !important; background-color: #ffffff !important; font-weight: 600 !important; text-transform: uppercase !important; border-width: 3px 3px 3px 3px !important; border-style: solid !important; border-color: #000000 !important; margin: 40px 40px 40px 40px !important; padding: 16px 16px 16px 16px !important; }<\/style>\r\n\t\t\t[\/vc_column_text][\/vc_column][\/vc_row][vc_row full_width=&#8221;stretch_row&#8221; css=&#8221;.vc_custom_1737410441316{margin-top: 60px !important;margin-bottom: -10px !important;padding-bottom: 60px !important;background-color: #ffa743 !important;}&#8221;][vc_column][vc_column_text css=&#8221;&#8221;]<\/p>\n<h2>INFORMIERT BLEIBEN<\/h2>\n<p>[\/vc_column_text][vc_column_text css=&#8221;&#8221;]Neuigkeiten aus unserem Netzwerk und zum Thema Tanz f\u00fcr junges Publikum, Vorstellungstermine, Jobangebote und mehr erhaltet ihr \u00fcber unseren Newsletter, der alle 1-2 Monate erscheint. Tragt euch gern ein, wir halten euch auf dem Laufenden!<\/p>\n<p>[\/vc_column_text][vc_btn title=&#8221;Anmelden&#8221; style=&#8221;classic&#8221; shape=&#8221;square&#8221; color=&#8221;white&#8221; css=&#8221;&#8221; link=&#8221;url:https%3A%2F%2Fexplore-dance.de%2Fnewsletter%2F|title:Newsletter&#8221;][\/vc_column][\/vc_row]<\/p>\n<\/div>","protected":false},"excerpt":{"rendered":"<p>23 \u2013 27 September 2023, Potsdam [&#8230;]<\/p>\n<p><a class=\"btn btn-secondary understrap-read-more-link\" href=\"https:\/\/explore-dance.de\/en\/kalender\/horace-renae-shadler-5\/\">Read More&#8230;<span class=\"screen-reader-text\"> from HORACE, Renae Shadler<\/span><\/a><\/p>\n","protected":false},"author":6,"featured_media":9140,"parent":3150,"menu_order":9,"comment_status":"closed","ping_status":"closed","template":"page-templates\/standardtemplate-nopadding.php","meta":{"_acf_changed":false,"footnotes":""},"class_list":["post-11316","page","type-page","status-publish","has-post-thumbnail","hentry","ort-potsdam-en"],"acf":[],"_links":{"self":[{"href":"https:\/\/explore-dance.de\/en\/wp-json\/wp\/v2\/pages\/11316","targetHints":{"allow":["GET"]}}],"collection":[{"href":"https:\/\/explore-dance.de\/en\/wp-json\/wp\/v2\/pages"}],"about":[{"href":"https:\/\/explore-dance.de\/en\/wp-json\/wp\/v2\/types\/page"}],"author":[{"embeddable":true,"href":"https:\/\/explore-dance.de\/en\/wp-json\/wp\/v2\/users\/6"}],"replies":[{"embeddable":true,"href":"https:\/\/explore-dance.de\/en\/wp-json\/wp\/v2\/comments?post=11316"}],"version-history":[{"count":21,"href":"https:\/\/explore-dance.de\/en\/wp-json\/wp\/v2\/pages\/11316\/revisions"}],"predecessor-version":[{"id":17291,"href":"https:\/\/explore-dance.de\/en\/wp-json\/wp\/v2\/pages\/11316\/revisions\/17291"}],"up":[{"embeddable":true,"href":"https:\/\/explore-dance.de\/en\/wp-json\/wp\/v2\/pages\/3150"}],"wp:featuredmedia":[{"embeddable":true,"href":"https:\/\/explore-dance.de\/en\/wp-json\/wp\/v2\/media\/9140"}],"wp:attachment":[{"href":"https:\/\/explore-dance.de\/en\/wp-json\/wp\/v2\/media?parent=11316"}],"curies":[{"name":"wp","href":"https:\/\/api.w.org\/{rel}","templated":true}]}}