{"id":10140,"date":"2024-02-09T16:36:38","date_gmt":"2024-02-09T15:36:38","guid":{"rendered":"https:\/\/explore-dance.de\/?page_id=10140"},"modified":"2024-04-10T10:42:49","modified_gmt":"2024-04-10T08:42:49","slug":"press-releases","status":"publish","type":"page","link":"https:\/\/explore-dance.de\/en\/press\/press-releases\/","title":{"rendered":"Press releases"},"content":{"rendered":"<div class=\"wpb-content-wrapper\"><p>[vc_row][vc_column][vc_column_text]<\/p>\n<div class=\"wpb_text_column wpb_content_element vc_custom_1544456282521\">\n<div class=\"wpb_wrapper\">\n<h1>Press releases<\/h1>\n<\/div>\n<\/div>\n<p>[\/vc_column_text][vc_column_text]Currently only available in german.[\/vc_column_text][vc_separator border_width=&#8221;5&#8243;][\/vc_column][\/vc_row][vc_section][vc_row][vc_column][vc_column_text]<\/p>\n<div class=\"moz-text-html\" lang=\"x-unicode\">\n<div class=\"pre\">\n<div class=\"wpb_text_column wpb_content_element \">\n<div class=\"wpb_wrapper\">\n<h4>21.03.2024<\/h4>\n<h4>Dank Bundesf\u00f6rderung 2024:<br \/>\n<em>explore dance<\/em> pr\u00e4sentiert f\u00fcnf Urauff\u00fchrungen f\u00fcr junges Publikum im mobilen Pop Up-Format<\/h4>\n<p><strong>F\u00fcnf erfahrene Choreograph*innen und Teams sind ausgew\u00e4hlt, um in den vier Partnerst\u00e4dten des Netzwerks M\u00fcnchen, Potsdam, Hamburg und Dresden mobile Tanzst\u00fccke f\u00fcr junges Publikum zu kreieren, die bundesweit gezeigt werden und niederschwelligen Zugang zur Kunstform Tanz erm\u00f6glichen.<\/strong><\/p>\n<p>K\u00f6rper und Kosmos, Au\u00dferirdische und Hexen, Zuhause und sich wandelnde Eltern-Kind-Beziehungen \u2013 die Themen der neuen explore dance Pop Up-Produktionen sind breit gef\u00e4chert.<br \/>\nAus \u00fcber 70 Bewerbungen w\u00e4hlte ein Fachgremium unter Beteiligung von Jugendlichen f\u00fcnf K\u00fcnstler*innen und Teams aus: Elisabete Finger, Alexander Varekhine, Caroline Beach\/Saida Makhmudzade, die go plastic company und das Kollektiv ZINADA werden ihre St\u00fccke ab Sommer 2024 in der fabrik Potsdam, am K3 | Tanzplan Hamburg, in HELLERAU \u2013 Europ\u00e4isches Zentrum der K\u00fcnste Dresden sowie bei Fokus Tanz | Tanz und Schule M\u00fcnchen e.V. entwickeln und zur Urauff\u00fchrung bringen.<br \/>\nDie Choreograph*innen treten w\u00e4hrend der Entstehung- und Probenphase in einen direkten Austausch mit Kindern und Jugendlichen und beziehen sie in verschiedenen Vermittlungsformaten wie Workshops, Probenbesuchen und Recherchesessions in ihr kreatives Schaffen ein.<\/p>\n<p>In der fabrik Potsdam wird die in Berlin lebende brasilianische Choreographin und Performerin <strong>Elisabete Finger<\/strong> mit <strong>\u201eKosmok\u00f6rper\u201c<\/strong> einen Zugang zur \u00d6kologie erarbeiten und ein junges Publikum ab 7 Jahren einladen,\u00a0die Verwobenheit von Mensch, Natur, Erde und Kosmos in einer Reihe von\u00a0choreographischen Landschaften zu erleben.<\/p>\n<p>Unter dem Arbeitstitel <strong>\u201eWo der Teppich Staub f\u00e4ngt\u201c<\/strong> befasst sich der in Kasachstan geborene und in Hamburg aufgewachsene Choreograph, Tanzp\u00e4dagoge und T\u00e4nzer <strong>Alexander Varekhine<\/strong> mit dem fragilen Konzept eines Zuhauses. Mit seinem Team verhandelt er verschiedene (auto)biografische Aspekte des zu-Hause-seins, nach-Hause-kommens und von-zu-Hause-ausrei\u00dfens auf der Suche nach einer Antwort auf die Frage, was dieses Zuhause eigentlich sein kann. Die Produktion f\u00fcr Jugendliche ab 14 Jahren wird im Herbst am K3 in Hamburg Premiere haben.<\/p>\n<p>Die s\u00fcdkoreanischen Choreograph*innen und T\u00e4nzer*innen Jihun Choi und Jin Lee, die gemeinsam das Kollektiv <strong>ZINADA<\/strong> bilden, erarbeiten in M\u00fcnchen mit <strong>\u201eWIND UND WAND\u201c<\/strong>, kurz \u201eWUW\u201c, eine Performance f\u00fcr junges Publikum ab 8 Jahren. Die Metaphern des Windes und der Wand beschreiben dabei die ambivalente Beziehung zwischen Kindern und ihren Eltern aus der Perspektive von Pr\u00e4-Teenagern.<\/p>\n<p>In HELLERAU, Dresden entstehen zwei neue explore dance Pop Up-Produktionen:<br \/>\n<strong>Caroline Beach und Saida Makhmudzade<\/strong> konfrontieren in <strong>\u201eWas geht, Erdling\u201c<\/strong> zwei Reisende aus dem Weltall mit den Gepflogenheiten der Erdenb\u00fcrger*innen. Das Pop Up St\u00fcck f\u00fcr Kinder ab 8 Jahren thematisiert die Angst vor dem Anderen und gleichzeitig das gro\u00dfe Potenzial eines Perspektivwechsels.<\/p>\n<p>In ihrem Pop Up <strong>\u201e<\/strong><strong>Fight for your fairytale (AT)\u201c<\/strong> f\u00fcr Menschen ab 12 Jahren nimmt die <strong>go plastic company<\/strong> die Figur der Hexe genauer unter die Lupe. Das Team um die beiden Choreographinnen und T\u00e4nzerinnen Cindy Hammer und Mandy Unger untersucht in Kooperation mit einer Gymnasialklasse aus Dresden, wie und wann die Idee der Hexe aus historischer, pop-kultureller, aber auch feministisch-politischer Sicht zur Projektions- und Verhandlungsfl\u00e4che f\u00fcr gesellschaftliche, zeitgen\u00f6ssische Diskurse wird.<\/p>\n<p>Das 2018 gegr\u00fcndete bundesl\u00e4nder\u00fcbergreifende Netzwerk<em> explore dance<\/em> hat seit seiner Gr\u00fcndung neben B\u00fchnenproduktionen bereits 19 Pop Up-St\u00fccke produziert. Mit den f\u00fcnf Neukreationen erweitert sich das Repertoire auf 24 mobile Pop Ups, die technisch unaufw\u00e4ndig in Schulen, Museen Galerien, Begegnungszentren oder im \u00f6ffentlichen Raum, in der Stadt und in l\u00e4ndlichen Gebieten gezeigt werden k\u00f6nnen. Damit wird Kindern und Jugendlichen unabh\u00e4ngig von ihrem Wohnort und ihrem sozialem Kontext Teilhabe an k\u00fcnstlerischem Erleben er\u00f6ffnet und eine entscheidende L\u00fccke im Kulturangebot geschlossen. Die zuk\u00fcnftige Arbeit und das Weiterbestehen von <em>explore dance<\/em> konnten gerade erst durch den Beschluss des Bundeshaushalts und eine Zusage \u00fcber neue Bundesfinanzmittel gesichert werden, allerdings zun\u00e4chst nur f\u00fcr das Jahr 2024.<\/p>\n<p><em>explore dance \u2013 Tanz f\u00fcr junges Publikum<\/em> hat sich zum Ziel gesetzt, Kindern und Jugendlichen nachhaltig Zugang zu zeitgen\u00f6ssischem Tanz zu er\u00f6ffnen und damit die Sichtbarkeit dieser Kunstform dauerhaft und gleichberechtigt neben anderen K\u00fcnsten zu st\u00e4rken. Durch Produktion, Vermittlung und Rezeption von Tanzst\u00fccken, die spezifisch f\u00fcr und im Austausch mit Kindern und Jugendlichen von etablierten Choreograph*innen entwickelt und erprobt werden, soll der Bereich Tanz im Kulturangebot f\u00fcr Kinder und Jugendliche auf hohem k\u00fcnstlerischen Qualit\u00e4tsniveau bundesweit etabliert und in der kulturellen Bildung verankert werden.<\/p>\n<p>Ein Booklet zum f\u00fcnfj\u00e4hrigen Bestehen \u201e5 Jahre <em>explore dance \u2013 Netzwerk Tanz f\u00fcr junges Publikum.<\/em> Wirkung, Potenziale, Perspektiven\u201c samt wissenschaftlicher Studie zur Wirksamkeit des Programms ist \u00fcber <a href=\"https:\/\/explore-dance.de\/downloads\/\">www.explore-dance.de<\/a> einsehbar.<\/p>\n<\/div>\n<\/div>\n<\/div>\n<\/div>\n<p>[\/vc_column_text][vc_separator][vc_column_text]<\/p>\n<div class=\"moz-text-html\" lang=\"x-unicode\">\n<div class=\"pre\">\n<h4>01.02.2024<\/h4>\n<h4>Neue Bundesf\u00f6rderung f\u00fcr explore dance!<br \/>\nArbeit des l\u00e4nder\u00fcbergreifenden Netzwerks Tanz f\u00fcr junges Publikum ist f\u00fcr 2024 gesichert<\/h4>\n<p>Neue Zukunftsperspektive f\u00fcr explore dance: Die Weiterf\u00fchrung des bundesweiten Netzwerks Tanz f\u00fcr junges Publikum ist f\u00fcr 2024 gesichert. Mit dem Beschluss des Bundeshaushalts 2024 werden der l\u00e4nder\u00fcbergreifenden Initiative, die seit 2018 Tanz f\u00fcr junges Publikum f\u00f6rdert und damit erfolgreich eine L\u00fccke im Kulturangebot f\u00fcr Kinder und Jugendliche schlie\u00dft, Bundesmittel in H\u00f6he von bis zu 300.000 Euro zur Verf\u00fcgung gestellt.<\/p>\n<p>Diese Bundesmittel sind essentiell, um die Arbeit des Netzwerks f\u00fcr ein weiteres Jahr fortzusetzen. Denn neben der fortlaufenden Unterst\u00fctzung der kof\u00f6rdernden L\u00e4nder (Bayern, Brandenburg, Hamburg, Sachsen) und Kommunen der zurzeit vier Partnerst\u00e4dte im Netzwerk \u2013 Hamburg, M\u00fcnchen, Potsdam und Dresden \u2013 ist explore dance auf Bundesgelder angewiesen, um das Ziel zu erreichen, Tanzst\u00fccke f\u00fcr junges Publikum zu produzieren und nachhaltig zu touren, um Kindern und Jugendlichen in ganz Deutschland \u2013 in l\u00e4ndlichen wie in urbanen R\u00e4umen \u2013 das Erlebnis von Tanzauff\u00fchrungen, die Teilhabe an k\u00fcnstlerischem Erleben und Zugang zur Kunstform Tanz zu er\u00f6ffnen. Dies ist eine grundlegende und bundesweite kulturpolitische Aufgabe, die einer entsprechenden F\u00f6rderung bedarf.<\/p>\n<p>Die bisherige Erfolgsbilanz von explore dance ist dabei unbestritten: In den f\u00fcnf Jahren seines Bestehens wurden 28 Tanzproduktionen von professionellen Choreograph*innen f\u00fcr junges Publikum kreiert, darunter B\u00fchnen- und <a href=\"https:\/\/explore-dance.de\/pop-ups\/\">mobile Pop Up St\u00fccke<\/a>, die bundesweit und international in St\u00e4dten und im l\u00e4ndlichen Raum mit \u00fcber 400 Vorstellungen vor jungem Publikum gezeigt und durch umfassende Vermittlungsangebote wie Workshops und Probenbesuche begleitet wurden. F\u00fcr 2024 wurden zwei explore dance St\u00fccke als k\u00fcnstlerisch herausragende Produktionen ausgew\u00e4hlt, mit Einladungen zum europ\u00e4ischen Netzwerk Aerowaves sowie zur Tanzplattform Deutschland. Bereits 2019 wurde das Netzwerk mit dem Perspektivpreis des Deutschen Theaterpreises Der FAUST des Deutschen B\u00fchnenvereins ausgezeichnet. explore dance hat sich als Erfolgsmodell f\u00fcr kooperativen Kulturf\u00f6deralismus bew\u00e4hrt.<\/p>\n<p>Die im Bundeshaushalt 2024 vorgesehenen Mittel er\u00f6ffnen nun die M\u00f6glichkeit, die Arbeit in diesem Jahr fortzusetzen und erste Grundlagen f\u00fcr Ausbau und Weiterentwicklung zu schaffen. Ab 2025 sollen zus\u00e4tzliche Partnerorte aus weiteren Bundesl\u00e4ndern in das Netzwerk einbezogen werden, um noch mehr Kinder und Jugendliche in ganz Deutschland unabh\u00e4ngig von ihrem Wohnort oder sozialen Hintergrund zu erreichen.<br \/>\nDaf\u00fcr ben\u00f6tigt explore dance als bundesl\u00e4nder\u00fcbergreifendes und bundesweit wirkendes Netzwerk eine langfristige Arbeits- und Finanzierungsperspektive auch auf Bundesebene:<\/p>\n<p>\u201eWir freuen uns sehr, dass die Bundespolitik junges Publikum ernst nimmt und das Potential unseres Netzwerks anerkennt! explore dance schafft aktive kulturelle Teilhabe und Zugang zur Kunstform Tanz f\u00fcr Kinder und Jugendliche und \u00fcbernimmt damit eine essentielle kulturpolitische Aufgabe. Die F\u00f6rdermittel im Bundeshaushalt 2024 sind ein sehr positives Signal, ein erster Schritt in die richtige Richtung, um die Weichen f\u00fcr die Zukunft von explore dance als dauerhaftes Netzwerk zu sichern\u201c, so die Leiter*innen der vier Partnerinstitutionen, Dr. Kerstin Evert (K3 | Tanzplan Hamburg), Carena Schlewitt (HELLERAU), Simone Schulte-Aladag &amp; Anja Brixle (Fokus Tanz M\u00fcnchen) und Sven Till (fabrik moves Potsdam).<\/p>\n<p>\u201eDie F\u00f6rderung von k\u00fcnstlerischem Erleben f\u00fcr Kinder und Jugendliche braucht Kontinuit\u00e4t. Die enorme Nachfrage seitens Schulen und Bildungseinrichtungen best\u00e4tigt uns immer wieder aufs Neue.<br \/>\nUnser Dank gilt deshalb allen Bundespolitiker*innen, die sich f\u00fcr explore dance eingesetzt haben, sowie unseren kof\u00f6rdernden St\u00e4dten und L\u00e4ndern, die explore dance seit 2018 eng begleiten und weiterhin unterst\u00fctzen.\u201c<\/p>\n<p>explore dance \u2013 Tanz f\u00fcr junges Publikum hat sich zum Ziel gesetzt, Kindern und Jugendlichen nachhaltig Zugang zu zeitgen\u00f6ssischem Tanz zu er\u00f6ffnen und damit die Sichtbarkeit dieser Kunstform dauerhaft und gleichberechtigt neben anderen K\u00fcnsten zu st\u00e4rken. Durch Produktion, Vermittlung und Rezeption von Tanzst\u00fccken, die spezifisch f\u00fcr und im Austausch mit Kindern und Jugendlichen von etablierten Choreograph*innen entwickelt und erprobt werden, soll der Bereich Tanz im Kulturangebot f\u00fcr Kinder und Jugendliche auf hohem k\u00fcnstlerischen Qualit\u00e4tsniveau bundesweit etabliert und in der kulturellen Bildung verankert werden. Dabei setzt explore dance auf die Vielfalt aktueller zeitgen\u00f6ssischer Tanzstile und auf innovative Formate, die Kindern und Jugendlichen unabh\u00e4ngig von ihrem Wohnort und ihrem sozialem Kontext Teilhabe an k\u00fcnstlerischem Erleben er\u00f6ffnen.<\/p>\n<p><a href=\"https:\/\/explore-dance.de\/wp-content\/uploads\/2023\/05\/5-Jahre-explore-dance_Booklet.pdf\" target=\"_blank\" rel=\"noopener\">Ein Booklet zum f\u00fcnfj\u00e4hrigen Bestehen \u201e5 Jahre explore dance \u2013 Netzwerk Tanz f\u00fcr junges Publikum. Wirkung, Potenziale, Perspektiven\u201c samt wissenschaftlicher Studie zur Wirksamkeit des Programms ist hier einsehbar.<\/a><\/p>\n<\/div>\n<\/div>\n<p>[\/vc_column_text][vc_separator][vc_column_text]<\/p>\n<div class=\"moz-text-html\" lang=\"x-unicode\">\n<div class=\"pre\">\n<h4><span style=\"text-decoration: underline;\">28.02.2023<\/span><\/h4>\n<p>&nbsp;<\/p>\n<h4><strong>explore dance &#8211; Netzwerk Tanz f\u00fcr junges Publikum zu Gast beim Watch Out! Festival in Dresden, Hellerau<\/strong><\/h4>\n<p>&nbsp;<\/p>\n<p>Im Rahmen des Festivals <a href=\"https:\/\/www.hellerau.org\/de\/festival\/watch-out\/\">Watch Out! in Dresden, Hellerau<\/a> pr\u00e4sentiert sich das bundesweite Netzwerk explore dance, das seit 2018 den Zugang von Kindern und Jugendlichen in ganz Deutschland zum zeitgen\u00f6ssischen Tanz f\u00f6rdert, vom 9. bis 12. M\u00e4rz mit drei neuen Tanzproduktionen und einem Fachtag rund um das Thema Tanz f\u00fcr junges Publikum.<\/p>\n<p>Die drei Tanzproduktion sind von etablierten Choreograph*innen spezifisch f\u00fcr und im Austausch mit Kindern und Jugendlichen im<br \/>\nsogenannten Pop Up-Format entstanden &#8211; ein Format, das flexible Auff\u00fchrungen an unterschiedlichen Orten auch abseits der gro\u00dfen<br \/>\nKulturb\u00fchnen erlaubt und den Tanz damit nachhaltig und niederschwellig einem breiteren jungen Publikum \u00f6ffnen will:<\/p>\n<p>In ihrer Solo-Performance Schwanensee in Sneakers vermittelt die T\u00e4nzerin Anna Till spielerisch Tanzgeschichte und ihre Einfl\u00fcsse.<br \/>\n(Vorstellung am 10.03., 12+). Jana Schm\u00fcck, Mami Kawabata und Eve Gubler verwandeln im Tanzst\u00fcck Wo dr\u00fcckt der Schuh? Schuhe in Metaphern des Lebens &#8211; witzig, poetisch und manchmal streitlustig. (11.+ 12. M\u00e4rz, 6+) Die Performance Splaaash! von Lisa Rykena &amp; Carolin J\u00fcngst besch\u00e4ftigt sich mit dem Potenzial der \u00dcberzeichnung und \u00dcbertreibung und l\u00e4dt in Comic-Welten, zu Lautmalerei und dem Auftritt verschiedener Superheld*innen ein. (Vorstellung am 9. M\u00e4rz, 10+)<\/p>\n<p>Die Pop Up-Produktionen k\u00f6nnen individuell gebucht werden und den zeitgen\u00f6ssischen Tanz direkt zu Kindern und Jugendlichen in die<br \/>\nKlassenzimmer, in Begegnungszentren, Museen oder in den \u00f6ffentlichen Raum bringen. Explore dance erm\u00f6glicht mit diesen Pop Ups<br \/>\nk\u00fcnstlerisches Erleben und kulturelle Teilhabe unabh\u00e4ngig von Wohnort oder sozialem Hintergrund des Publikums.<\/p>\n<p>Am 10. M\u00e4rz l\u00e4dt explore dance im Rahmen von Watch Out! Akteur*innen der lokalen und nationalen Theaterlandschaft von 10-16 Uhr zum<br \/>\nFachtreffen und Erfahrungsaustausch ein &#8211; im Fokus stehen die Bearbeitung von krisenhaften Zust\u00e4nden wie Krieg und Tod mit und f\u00fcr<br \/>\nKinder und Jugendliche sowie die M\u00f6glichkeiten und Einschr\u00e4nkungen kultureller Teilhabe auf dem Land und in der Stadt.<\/p>\n<p>Das Netzwerk explore dance &#8211; Tanz f\u00fcr junges Publikum ist eine Kooperation von fabrik moves Potsdam, Fokus Tanz\/Tanz und Schule e.V.<br \/>\nM\u00fcnchen, K3 | Tanzplan Hamburg und HELLERAU &#8211; Europ\u00e4isches Zentrum der K\u00fcnste.\u202f Durch Produktion, Vermittlung und Rezeption von Tanzst\u00fccken will explore dance die Sichtbarkeit der Kunstform Tanz dauerhaft und gleichberechtigt neben anderen K\u00fcnsten st\u00e4rken und im Kulturangebot f\u00fcr Kinder und Jugendliche bundesweit verankern. Explore dance wird gef\u00f6rdert durch TANZPAKT Stadt-Land-Bund aus Mitteln der Beauftragten der Bundesregierung f\u00fcr Kultur und Medien und durch die Kommunen und L\u00e4nder der Projektpartner.<\/p>\n<p>Weitere Informationen zum Festival, zu den explore dance-Produktionen und das ausf\u00fchrliche Programm des Fachtags finden sich hier:<br \/>\n<a href=\"https:\/\/explore-dance.de\/festival\/\" target=\"_blank\" rel=\"noopener noreferrer\">https:\/\/explore-dance.de\/festival\/<\/a><\/p>\n<p>Medienvertreter:innen sind herzlich eingeladen, die Tanzproduktionen und den Fachtag zu besuchen. Anfragen bitte an:<br \/>\n<a href=\"mailto:presse@explore-dance.de\">presse@explore-dance.de<\/a>.<\/p>\n<\/div>\n<\/div>\n<p>[\/vc_column_text][vc_separator][vc_column_text]<\/p>\n<h4><span style=\"text-decoration: underline;\">01.07.2022<\/span><\/h4>\n<p>&nbsp;<\/p>\n<h4>HELLERAU als vierter Partner<\/h4>\n<p>&nbsp;<\/p>\n<p>Seit Juli 2022 und dem Beginn der zweiten F\u00f6rderphase von TANZPAKT Stadt-Land-Bund erweitert sich das Netzwerk mit HELLERAU \u2013 Europ\u00e4isches Zentrum der K\u00fcnste um einen vierten Partner. <em>explore dance<\/em> widmet sich bis Ende 2023 verst\u00e4rkt der Erweiterung des Angebots f\u00fcr Kinder und Jugendliche durch ein umfangreiches Touring der entstehenden mobilen Pop Up \u2013 Tanzproduktionen. Hierzu werden von neun erfahrenen Choreograph*innen und Teams in allen vier St\u00e4dten Tanzst\u00fccke entwickelt, die auch abseits von Theaterb\u00fchnen Zugang zur Kunstform Tanz erm\u00f6glichen \u2013 beispielsweise in Schulr\u00e4umen, Museen, Kulturzentren oder dem \u00f6ffentlichen Raum. Kinder und Jugendliche werden in alle Phasen der k\u00fcnstlerischen Arbeitsprozesse aktiv einbezogen. Festivals mit Fachtreffen b\u00fcndeln die Produktionen und bieten Raum f\u00fcr die bundesweite und internationale Vernetzung sowie den kultur- und bildungspolitischen Dialog.[\/vc_column_text][vc_separator][vc_column_text]<\/p>\n<h4><span style=\"text-decoration: underline;\">09.11.2019<\/span><\/h4>\n<p>&nbsp;<\/p>\n<h4>\u201eDer Faust\u201c-Perspektivpreis f\u00fcr \u201eexplore dance\u201c<\/h4>\n<p>&nbsp;<\/p>\n<p>Am 09. November erhielt <em>explore dance \u2013 Netzwerk Tanz f\u00fcr junges Publikum<\/em> im Rahmen des Deutschen Theaterpreises DER FAUST 2019 im Staatstheater Kassel den Perspektivpreis f\u00fcr zukunftsweisende und kulturpolitische Projekte.<\/p>\n<p>&nbsp;<\/p>\n<h4>Begr\u00fcndung der Jury<\/h4>\n<p>&nbsp;<\/p>\n<p>Ausgehend vom K\u00f6rper und seinen Bewegungen kann der zeitgen\u00f6ssische Tanz gesellschaftliche Zusammenh\u00e4nge und Fragestellungen ganz unmittelbar sichtbar und individuell erlebbar machen. Mit <em>explore dance \u2013 Netzwerk Tanz f\u00fcr junges Publikum<\/em> wurde im F\u00f6rderprogramm Tanzpakt Stadt-Land-Bund ein auf drei Jahre angelegtes Projekt geschaffen, das dazu einl\u00e4dt f\u00fcr und mit Kindern und Jugendlichen die Kunstform Tanz in all ihrer Vielfalt zu entdecken. Mit neuen k\u00fcnstlerischen Vermittlungsformen wird zeitgen\u00f6ssischer Tanz in hoher Qualit\u00e4t hautnah erlebt, indem Probenprozesse ge\u00f6ffnet und innovative Formen und Modelle in B\u00fchnenproduktionen, mobilen St\u00fccken in Klassenzimmern oder im \u00f6ffentlichen Raum von etablierten Choreographen und Choreographinnen entwickelt und erprobt werden. Damit leistet das Projekt auch einen wichtigen zweifachen Beitrag zur kulturellen Bildung, indem es jungen Menschen einerseits den Zugang zu zeitgen\u00f6ssischem Tanz als k\u00fcnstlerischer Ausdrucksform bahnt und sie andererseits dazu erm\u00e4chtigt, zu selbstbewussten Zuschauer*innen des Tanzes zu werden.<br \/>\nEinzigartig und modellhaft ist auch die trilateral bundesl\u00e4nder\u00fcbergreifende Kooperation in diesem Projekt, die Geld und Kompetenzen b\u00fcndelt und die Wirksamkeit des Projekts erh\u00f6ht: explore dance ist ein wunderbares Beispiel daf\u00fcr, dass der Kulturf\u00f6deralismus keine Barriere ist, sondern eine gro\u00dfartige Chance, wenn sie nur planvoll, mutig und engagiert ergriffen wird. Potsdam, M\u00fcnchen und Hamburg haben sich zusammengeschlossen, um gemeinsam mit <em>fabrik moves Potsdam<\/em>, <em>Fokus Tanz M\u00fcnchen<\/em> und <em>K3 | Tanzplan Hamburg<\/em> den zeitgen\u00f6ssischen Tanz f\u00fcr Kinder und Jugendliche zu \u00f6ffnen und als k\u00fcnstlerische Erfahrung erlebbar zu machen. Die Grenzen zwischen k\u00fcnstlerischen Prozessen und Kultureller Bildung werden flie\u00dfend, verschwinden sogar ganz: Alles ist organischer Teil der Idee, des unmittelbaren Erlebens und damit des gesamten Projektes. Durch diese besondere k\u00fcnstlerische \u2013 wie organisatorisch herausfordernde Kooperation wird eine strukturelle Entwicklung von Tanz erm\u00f6glicht, die Herzen, K\u00f6pfe und K\u00f6rper gleicherma\u00dfen erreicht.<\/p>\n<p>&nbsp;<\/p>\n<h4>Auszug aus der Pressemitteilung von <em>explore dance<\/em>:<\/h4>\n<p>&nbsp;<\/p>\n<p>Dr. Kerstin Evert (Hamburg), Simone Schulte-Aladag (M\u00fcnchen) und Sven Till (Potsdam) erkl\u00e4ren: \u201eDie Verleihung des FAUST Perspektivpreis 2019 an unser gemeinsames Projekt <em>explore dance \u2013 Netzwerk Tanz f\u00fcr junges Publikum<\/em> freut uns in h\u00f6chstem Ma\u00df. Ermutigt durch diese Auszeichnung hoffen wir, die von 2018 bis 2021 laufende Pilot-Phase auch in Zukunft fortsetzen zu k\u00f6nnen. Wir danken unseren F\u00f6rderern sehr herzlich, die sich als St\u00e4dte und L\u00e4nder gemeinsam mit dem Exzellenzprogramm Tanzpakt Stadt Land Bund, gef\u00f6rdert von der Beauftragten der Bundesregierung f\u00fcr Kultur und Medien, sowie weiteren lokalen F\u00f6rderern zusammengetan haben, um <em>explore dance<\/em> \u00fcber St\u00e4dte- und L\u00e4ndergrenzen hinweg als Kooperation zu gestalten.\u201c<\/p>\n<p>DER FAUST wird seit 2006 vergeben und ist eine Initiative des Deutschen B\u00fchnenvereins in Kooperation mit den Bundesl\u00e4ndern, der Kulturstiftung der L\u00e4nder und der Deutschen Akademie der Darstellenden K\u00fcnste. Der Perspektivpreis wird im Rahmen des Deutschen Theaterpreises DER FAUST seit 2018 verliehen.[\/vc_column_text][vc_column_text]<a href=\"https:\/\/www.buehnenverein.de\/de\/der-faust\/der-faust-2019_2.html\">mehr<\/a>[\/vc_column_text][vc_separator][\/vc_column][\/vc_row][\/vc_section]<\/p>\n<\/div>","protected":false},"excerpt":{"rendered":"<p>[vc_row][vc_column][vc_column_text] Press releases [\/vc_column_text][vc_column_text]Currently only available in german.[\/vc_column_text][vc_separator border_width=&#8221;5&#8243;][\/vc_column][\/vc_row][vc_section][vc_row][vc_column][vc_column_text] 21.03.2024 Dank Bundesf\u00f6rderung 2024: explore dance pr\u00e4sentiert f\u00fcnf Urauff\u00fchrungen f\u00fcr junges [&#8230;]<\/p>\n<p><a class=\"btn btn-secondary understrap-read-more-link\" href=\"https:\/\/explore-dance.de\/en\/press\/press-releases\/\">Read More&#8230;<span class=\"screen-reader-text\"> from Press releases<\/span><\/a><\/p>\n","protected":false},"author":7,"featured_media":0,"parent":10128,"menu_order":197,"comment_status":"closed","ping_status":"closed","template":"","meta":{"_acf_changed":false,"footnotes":""},"class_list":["post-10140","page","type-page","status-publish","hentry"],"acf":[],"_links":{"self":[{"href":"https:\/\/explore-dance.de\/en\/wp-json\/wp\/v2\/pages\/10140","targetHints":{"allow":["GET"]}}],"collection":[{"href":"https:\/\/explore-dance.de\/en\/wp-json\/wp\/v2\/pages"}],"about":[{"href":"https:\/\/explore-dance.de\/en\/wp-json\/wp\/v2\/types\/page"}],"author":[{"embeddable":true,"href":"https:\/\/explore-dance.de\/en\/wp-json\/wp\/v2\/users\/7"}],"replies":[{"embeddable":true,"href":"https:\/\/explore-dance.de\/en\/wp-json\/wp\/v2\/comments?post=10140"}],"version-history":[{"count":6,"href":"https:\/\/explore-dance.de\/en\/wp-json\/wp\/v2\/pages\/10140\/revisions"}],"predecessor-version":[{"id":12331,"href":"https:\/\/explore-dance.de\/en\/wp-json\/wp\/v2\/pages\/10140\/revisions\/12331"}],"up":[{"embeddable":true,"href":"https:\/\/explore-dance.de\/en\/wp-json\/wp\/v2\/pages\/10128"}],"wp:attachment":[{"href":"https:\/\/explore-dance.de\/en\/wp-json\/wp\/v2\/media?parent=10140"}],"curies":[{"name":"wp","href":"https:\/\/api.w.org\/{rel}","templated":true}]}}